{"id":260,"date":"2023-07-28T11:15:45","date_gmt":"2023-07-28T11:15:45","guid":{"rendered":"https:\/\/emeraldresidence.pl\/?page_id=260"},"modified":"2023-07-31T16:02:47","modified_gmt":"2023-07-31T16:02:47","slug":"krakow-krowodrza-ul-poznanska-wroclawska","status":"publish","type":"page","link":"https:\/\/emeraldresidence.pl\/index.php\/krakow-krowodrza-ul-poznanska-wroclawska\/","title":{"rendered":"Krak\u00f3w Krowodrza, ul. Pozna\u0144ska\/ Wroc\u0142awska"},"content":{"rendered":"<p>[et_pb_section fb_built=&#8221;1&#8243; admin_label=&#8221;Hero section&#8221; _builder_version=&#8221;4.21.0&#8243; background_color=&#8221;rgba(0,0,0,0.36)&#8221; background_image=&#8221;https:\/\/emeraldresidence.pl\/wp-content\/uploads\/2023\/07\/minmieszkfull.jpg&#8221; background_position=&#8221;bottom_center&#8221; background_vertical_offset=&#8221;20%&#8221; background_blend=&#8221;multiply&#8221; custom_margin=&#8221;|||&#8221; custom_padding=&#8221;8.9%||2%|||&#8221; global_colors_info=&#8221;{}&#8221;][et_pb_row _builder_version=&#8221;4.21.0&#8243; width=&#8221;90%&#8221; custom_margin=&#8221;|auto|6px|auto||&#8221; custom_padding=&#8221;0px|||||&#8221; global_colors_info=&#8221;{}&#8221;][et_pb_column type=&#8221;4_4&#8243; _builder_version=&#8221;4.16&#8243; custom_padding=&#8221;1px|||&#8221; global_colors_info=&#8221;{}&#8221; custom_padding__hover=&#8221;|||&#8221;][et_pb_cta title=&#8221;Krak\u00f3w Krowodrza, ul. Pozna\u0144ska\/ Wroc\u0142awska&#8221; button_url=&#8221;#&#8221; _builder_version=&#8221;4.21.0&#8243; header_level=&#8221;h1&#8243; header_font=&#8221;Vidaloka|900||on|||||&#8221; header_text_align=&#8221;center&#8221; header_font_size=&#8221;40px&#8221; header_letter_spacing=&#8221;2px&#8221; header_line_height=&#8221;1.2em&#8221; body_font=&#8221;Montserrat||||||||&#8221; body_font_size=&#8221;15px&#8221; body_line_height=&#8221;1.8em&#8221; use_background_color=&#8221;off&#8221; custom_button=&#8221;on&#8221; button_text_size=&#8221;14px&#8221; button_text_color=&#8221;#ffffff&#8221; button_bg_color=&#8221;#bd9a68&#8243; button_border_width=&#8221;6px&#8221; button_border_color=&#8221;#bd9a68&#8243; button_border_radius=&#8221;5px&#8221; button_letter_spacing=&#8221;2px&#8221; button_font=&#8221;Montserrat|||on|||||&#8221; module_alignment=&#8221;center&#8221; custom_margin=&#8221;||||false|false&#8221; custom_margin_tablet=&#8221;||||false|false&#8221; custom_margin_phone=&#8221;35px||||false|false&#8221; custom_margin_last_edited=&#8221;on|phone&#8221; animation_style=&#8221;fold&#8221; animation_intensity_fold=&#8221;16%&#8221; header_font_size_tablet=&#8221;46px&#8221; header_font_size_phone=&#8221;29px&#8221; header_font_size_last_edited=&#8221;on|phone&#8221; header_text_shadow_style=&#8221;preset1&#8243; header_text_shadow_blur_strength=&#8221;0.6em&#8221; header_text_shadow_color=&#8221;rgba(0,0,0,0.6)&#8221; box_shadow_style_button=&#8221;preset3&#8243; box_shadow_blur_button=&#8221;30px&#8221; box_shadow_spread_button=&#8221;8px&#8221; box_shadow_color_button=&#8221;rgba(250,127,40,0.15)&#8221; button_letter_spacing_hover=&#8221;2px&#8221; global_colors_info=&#8221;{}&#8221; button_text_size__hover_enabled=&#8221;off&#8221; button_one_text_size__hover_enabled=&#8221;off&#8221; button_two_text_size__hover_enabled=&#8221;off&#8221; button_text_color__hover_enabled=&#8221;off&#8221; button_one_text_color__hover_enabled=&#8221;off&#8221; button_two_text_color__hover_enabled=&#8221;off&#8221; button_border_width__hover_enabled=&#8221;off&#8221; button_one_border_width__hover_enabled=&#8221;off&#8221; button_two_border_width__hover_enabled=&#8221;off&#8221; button_border_color__hover_enabled=&#8221;off&#8221; button_one_border_color__hover_enabled=&#8221;off&#8221; button_two_border_color__hover_enabled=&#8221;off&#8221; button_border_radius__hover_enabled=&#8221;off&#8221; button_one_border_radius__hover_enabled=&#8221;off&#8221; button_two_border_radius__hover_enabled=&#8221;off&#8221; button_letter_spacing__hover_enabled=&#8221;on&#8221; button_letter_spacing__hover=&#8221;2px&#8221; button_one_letter_spacing__hover_enabled=&#8221;off&#8221; button_two_letter_spacing__hover_enabled=&#8221;off&#8221; button_bg_color__hover_enabled=&#8221;off&#8221; button_one_bg_color__hover_enabled=&#8221;off&#8221; button_two_bg_color__hover_enabled=&#8221;off&#8221;][\/et_pb_cta][\/et_pb_column][\/et_pb_row][\/et_pb_section][et_pb_section fb_built=&#8221;1&#8243; _builder_version=&#8221;4.21.0&#8243; _module_preset=&#8221;default&#8221; background_color=&#8221;#fcfcfc&#8221; custom_padding=&#8221;37px||25px|||&#8221; global_colors_info=&#8221;{}&#8221;][et_pb_row column_structure=&#8221;1_4,1_4,1_4,1_4&#8243; use_custom_gutter=&#8221;on&#8221; gutter_width=&#8221;1&#8243; custom_padding_last_edited=&#8221;on|desktop&#8221; _builder_version=&#8221;4.21.0&#8243; _module_preset=&#8221;default&#8221; custom_padding=&#8221;9px||15px||false|false&#8221; custom_padding_tablet=&#8221;9px||15px||false|false&#8221; custom_padding_phone=&#8221;9px||15px||false|false&#8221; border_width_bottom=&#8221;0px&#8221; global_colors_info=&#8221;{}&#8221;][et_pb_column type=&#8221;1_4&#8243; _builder_version=&#8221;4.21.0&#8243; _module_preset=&#8221;default&#8221; global_colors_info=&#8221;{}&#8221;][et_pb_text _builder_version=&#8221;4.21.0&#8243; _module_preset=&#8221;default&#8221; text_font=&#8221;Montserrat|700|||||||&#8221; text_text_color=&#8221;#6c744a&#8221; text_font_size=&#8221;20px&#8221; global_colors_info=&#8221;{}&#8221;]<\/p>\n<p>499 900 z\u0142\u00a0 \u00a0|\u00a0 \u00a027,5 m\u00b2<\/p>\n<p>[\/et_pb_text][\/et_pb_column][et_pb_column type=&#8221;1_4&#8243; _builder_version=&#8221;4.21.0&#8243; _module_preset=&#8221;default&#8221; global_colors_info=&#8221;{}&#8221;][et_pb_text _builder_version=&#8221;4.21.0&#8243; _module_preset=&#8221;default&#8221; text_font=&#8221;|700|||||||&#8221; text_text_color=&#8221;#606060&#8243; text_font_size=&#8221;15px&#8221; global_colors_info=&#8221;{}&#8221;]<\/p>\n<p>18 178,18 z\u0142\/m\u00b2<\/p>\n<p>[\/et_pb_text][\/et_pb_column][et_pb_column type=&#8221;1_4&#8243; _builder_version=&#8221;4.21.0&#8243; _module_preset=&#8221;default&#8221; global_colors_info=&#8221;{}&#8221;][\/et_pb_column][et_pb_column type=&#8221;1_4&#8243; _builder_version=&#8221;4.21.0&#8243; _module_preset=&#8221;default&#8221; global_colors_info=&#8221;{}&#8221;][\/et_pb_column][\/et_pb_row][et_pb_row column_structure=&#8221;1_5,1_5,1_5,1_5,1_5&#8243; use_custom_gutter=&#8221;on&#8221; gutter_width=&#8221;2&#8243; _builder_version=&#8221;4.21.0&#8243; _module_preset=&#8221;default&#8221; custom_margin=&#8221;|auto|-32px|auto|false|false&#8221; custom_margin_tablet=&#8221;|auto|-32px|auto|false|false&#8221; custom_margin_phone=&#8221;||||false|false&#8221; custom_margin_last_edited=&#8221;on|phone&#8221; custom_padding=&#8221;41px||22px|||&#8221; hover_enabled=&#8221;0&#8243; border_width_top=&#8221;1px&#8221; global_colors_info=&#8221;{}&#8221; sticky_enabled=&#8221;0&#8243;][et_pb_column type=&#8221;1_5&#8243; _builder_version=&#8221;4.21.0&#8243; _module_preset=&#8221;default&#8221; global_colors_info=&#8221;{}&#8221;][et_pb_blurb title=&#8221;Pi\u0119tro&#8221; image=&#8221;https:\/\/emeraldresidence.pl\/wp-content\/uploads\/2023\/07\/stairs-1.png&#8221; icon_placement=&#8221;left&#8221; image_icon_width=&#8221;110%&#8221; _builder_version=&#8221;4.21.0&#8243; _module_preset=&#8221;default&#8221; header_font=&#8221;Playfair Display|700|||||||&#8221; header_text_color=&#8221;#101929&#8243; header_font_size=&#8221;17px&#8221; body_font=&#8221;Montserrat||||||||&#8221; body_text_color=&#8221;#444444&#8243; custom_css_blurb_image=&#8221;min-width: 40px!Important;&#8221; custom_css_blurb_title=&#8221;margin-bottom: -7px;&#8221; global_colors_info=&#8221;{}&#8221;]<\/p>\n<p>4 \/ 7<\/p>\n<p>[\/et_pb_blurb][\/et_pb_column][et_pb_column type=&#8221;1_5&#8243; _builder_version=&#8221;4.21.0&#8243; _module_preset=&#8221;default&#8221; global_colors_info=&#8221;{}&#8221;][et_pb_blurb title=&#8221;Liczba pokoi&#8221; image=&#8221;https:\/\/emeraldresidence.pl\/wp-content\/uploads\/2023\/07\/flat-1.png&#8221; icon_placement=&#8221;left&#8221; image_icon_width=&#8221;110%&#8221; _builder_version=&#8221;4.21.0&#8243; _module_preset=&#8221;default&#8221; header_font=&#8221;Playfair Display|700|||||||&#8221; header_text_color=&#8221;#101929&#8243; header_font_size=&#8221;17px&#8221; body_font=&#8221;Montserrat||||||||&#8221; body_text_color=&#8221;#444444&#8243; custom_css_blurb_image=&#8221;min-width: 40px!Important;&#8221; custom_css_blurb_title=&#8221;margin-bottom: -7px;&#8221; global_colors_info=&#8221;{}&#8221;]<\/p>\n<p>2<\/p>\n<p>[\/et_pb_blurb][\/et_pb_column][et_pb_column type=&#8221;1_5&#8243; _builder_version=&#8221;4.21.0&#8243; _module_preset=&#8221;default&#8221; global_colors_info=&#8221;{}&#8221;][et_pb_blurb title=&#8221;Rok budowy&#8221; image=&#8221;https:\/\/emeraldresidence.pl\/wp-content\/uploads\/2023\/07\/calendar-1.png&#8221; icon_placement=&#8221;left&#8221; image_icon_width=&#8221;110%&#8221; _builder_version=&#8221;4.21.0&#8243; _module_preset=&#8221;default&#8221; header_font=&#8221;Playfair Display|700|||||||&#8221; header_text_color=&#8221;#101929&#8243; header_font_size=&#8221;17px&#8221; body_font=&#8221;Montserrat||||||||&#8221; body_text_color=&#8221;#444444&#8243; custom_css_blurb_image=&#8221;min-width: 40px!Important;&#8221; custom_css_blurb_title=&#8221;margin-bottom: -7px;&#8221; global_colors_info=&#8221;{}&#8221;]<\/p>\n<p>2016<\/p>\n<p>[\/et_pb_blurb][\/et_pb_column][et_pb_column type=&#8221;1_5&#8243; _builder_version=&#8221;4.21.0&#8243; _module_preset=&#8221;default&#8221; global_colors_info=&#8221;{}&#8221;][et_pb_blurb title=&#8221;Parking&#8221; image=&#8221;https:\/\/emeraldresidence.pl\/wp-content\/uploads\/2023\/07\/parking-1.png&#8221; icon_placement=&#8221;left&#8221; image_icon_width=&#8221;110%&#8221; _builder_version=&#8221;4.21.0&#8243; _module_preset=&#8221;default&#8221; header_font=&#8221;Playfair Display|700|||||||&#8221; header_text_color=&#8221;#101929&#8243; header_font_size=&#8221;17px&#8221; body_font=&#8221;Montserrat||||||||&#8221; body_text_color=&#8221;#444444&#8243; body_letter_spacing=&#8221;-1px&#8221; custom_css_blurb_image=&#8221;min-width: 40px!Important;&#8221; custom_css_blurb_title=&#8221;margin-bottom: -7px;&#8221; global_colors_info=&#8221;{}&#8221;]<\/p>\n<p>parking publiczny \/<br \/>na ulicy<\/p>\n<p>[\/et_pb_blurb][\/et_pb_column][et_pb_column type=&#8221;1_5&#8243; _builder_version=&#8221;4.21.0&#8243; _module_preset=&#8221;default&#8221; global_colors_info=&#8221;{}&#8221;][et_pb_blurb title=&#8221;Stan mieszkania&#8221; image=&#8221;https:\/\/emeraldresidence.pl\/wp-content\/uploads\/2023\/07\/house-2.png&#8221; icon_placement=&#8221;left&#8221; image_icon_width=&#8221;110%&#8221; _builder_version=&#8221;4.21.0&#8243; _module_preset=&#8221;default&#8221; header_font=&#8221;Playfair Display|700|||||||&#8221; header_text_color=&#8221;#101929&#8243; header_font_size=&#8221;17px&#8221; body_font=&#8221;Montserrat||||||||&#8221; body_text_color=&#8221;#444444&#8243; custom_padding_tablet=&#8221;&#8221; custom_padding_phone=&#8221;||35px||false|false&#8221; custom_padding_last_edited=&#8221;on|phone&#8221; custom_css_blurb_image=&#8221;min-width: 40px!Important;&#8221; custom_css_blurb_title=&#8221;margin-bottom: -7px;&#8221; global_colors_info=&#8221;{}&#8221;]<\/p>\n<p>bardzo dobry<\/p>\n<p>[\/et_pb_blurb][\/et_pb_column][\/et_pb_row][\/et_pb_section][et_pb_section fb_built=&#8221;1&#8243; admin_label=&#8221;About Section&#8221; _builder_version=&#8221;4.21.0&#8243; background_color=&#8221;#f4f4f4&#8243; custom_padding=&#8221;36px|0px|103px|0px||&#8221; global_colors_info=&#8221;{}&#8221;][et_pb_row use_custom_gutter=&#8221;on&#8221; gutter_width=&#8221;2&#8243; _builder_version=&#8221;4.21.0&#8243; custom_margin=&#8221;|auto|-16px|auto||&#8221; global_colors_info=&#8221;{}&#8221;][et_pb_column type=&#8221;4_4&#8243; _builder_version=&#8221;4.16&#8243; custom_padding=&#8221;|||&#8221; global_colors_info=&#8221;{}&#8221; custom_padding__hover=&#8221;|||&#8221;][et_pb_text module_class=&#8221;tekst&#8221; _builder_version=&#8221;4.21.0&#8243; text_font=&#8221;Montserrat||||||||&#8221; text_text_color=&#8221;#000000&#8243; text_font_size=&#8221;15px&#8221; text_line_height=&#8221;1.3em&#8221; link_text_color=&#8221;#6c744a&#8221; header_font=&#8221;Playfair Display|700|||||||&#8221; header_text_color=&#8221;#101929&#8243; header_font_size=&#8221;17px&#8221; header_2_font=&#8221;Lato||||||||&#8221; header_3_font=&#8221;Montserrat||||||||&#8221; header_3_text_color=&#8221;#474747&#8243; header_3_font_size=&#8221;15px&#8221; header_3_line_height=&#8221;2em&#8221; global_colors_info=&#8221;{}&#8221;]<\/p>\n<h3 style=\"text-align: left;\"><span>\u00a0Witam, Posiadam do sprzeda\u017cy atrakcyjne 2 pokojowe mieszkanie w centrum Krakowa przy ul.Pozna\u0144skiej \/ Wroc\u0142awskiej o powierzchni 27.5m2. W sk\u0142ad mieszkania wchodz\u0105: przedpok\u00f3j, kuchnia, dwa pokoje, \u0142azienka oraz balkon. Mieszkanie zosta\u0142o obecnie gruntownie odmalowane oraz wyposa\u017cone w now\u0105 kuchni\u0119. Kameralne mieszkanie mo\u017ce by\u0107 idealnym miejscem dla tych kt\u00f3rzy ceni\u0105 sobie \u017cycie w mie\u015bcie oraz tych kt\u00f3rzy planuj\u0105 przeznaczy\u0107 miejsce pod inwestycje.<\/span><\/h3>\n<h3 style=\"text-align: left;\"><span>*Kupuj\u0105cy nie ponosi koszt\u00f3w zwi\u0105zanych z prowizj\u0105* *<\/span><\/h3>\n<h3 style=\"text-align: left;\"><span>Oferta na wy\u0142\u0105czno\u015b\u0107-nie szukaj dalej* <\/span><\/h3>\n<h3 style=\"text-align: left;\"><span>Linki do stron:<\/span><\/h3>\n<p><span><a href=\"https:\/\/www.nieruchomosci-online.pl\/mieszkanie,m2,z-oddzielna-kuchnia\/24330691.html?i\">Sprzedam mieszkanie w bloku mieszkalnym m2 z oddzieln\u0105 kuchni\u0105 27,50 m\u00b2 ul. Pozna\u0144ska, Krak\u00f3w, Krowodrza (nieruchomosci-online.pl)<\/a><\/span><\/p>\n<p><span><a href=\"https:\/\/www.olx.pl\/d\/oferta\/dwu-pokojowe-mieszkanie-w-centrum-krakowa-poznanska-wroclawska-CID3-IDWyxho.html\">Dwu pokojowe mieszkanie w centrum Krakowa- Pozna\u0144ska\/ Wroc\u0142awska Krak\u00f3w Krowodrza \u2022 OLX.pl<\/a><\/span><\/p>\n<p><span><\/span><\/p>\n<p><span><\/span><\/p>\n<p>[\/et_pb_text][et_pb_gallery gallery_ids=&#8221;265,266,267,268,269,270,271&#8243; posts_number=&#8221;6&#8243; show_title_and_caption=&#8221;off&#8221; show_pagination=&#8221;off&#8221; zoom_icon_color=&#8221;#6c744a&#8221; _builder_version=&#8221;4.21.0&#8243; _module_preset=&#8221;default&#8221; custom_margin=&#8221;38px|||||&#8221; global_colors_info=&#8221;{}&#8221;][\/et_pb_gallery][\/et_pb_column][\/et_pb_row][\/et_pb_section]<\/p>\n","protected":false},"excerpt":{"rendered":"<p>499 900 z\u0142\u00a0 \u00a0|\u00a0 \u00a027,5 m\u00b218 178,18 z\u0142\/m\u00b24 \/ 722016parking publiczny \/na ulicybardzo dobry\u00a0Witam, Posiadam do sprzeda\u017cy atrakcyjne 2 pokojowe mieszkanie w centrum Krakowa przy ul.Pozna\u0144skiej \/ Wroc\u0142awskiej o powierzchni 27.5m2. W sk\u0142ad mieszkania wchodz\u0105: przedpok\u00f3j, kuchnia, dwa pokoje, \u0142azienka oraz balkon. Mieszkanie zosta\u0142o obecnie gruntownie odmalowane oraz wyposa\u017cone w now\u0105 kuchni\u0119. Kameralne mieszkanie mo\u017ce [&hellip;]<\/p>\n","protected":false},"author":1,"featured_media":0,"parent":0,"menu_order":0,"comment_status":"closed","ping_status":"closed","template":"","meta":{"_et_pb_use_builder":"on","_et_pb_old_content":"","_et_gb_content_width":"","footnotes":""},"_links":{"self":[{"href":"https:\/\/emeraldresidence.pl\/index.php\/wp-json\/wp\/v2\/pages\/260"}],"collection":[{"href":"https:\/\/emeraldresidence.pl\/index.php\/wp-json\/wp\/v2\/pages"}],"about":[{"href":"https:\/\/emeraldresidence.pl\/index.php\/wp-json\/wp\/v2\/types\/page"}],"author":[{"embeddable":true,"href":"https:\/\/emeraldresidence.pl\/index.php\/wp-json\/wp\/v2\/users\/1"}],"replies":[{"embeddable":true,"href":"https:\/\/emeraldresidence.pl\/index.php\/wp-json\/wp\/v2\/comments?post=260"}],"version-history":[{"count":19,"href":"https:\/\/emeraldresidence.pl\/index.php\/wp-json\/wp\/v2\/pages\/260\/revisions"}],"predecessor-version":[{"id":379,"href":"https:\/\/emeraldresidence.pl\/index.php\/wp-json\/wp\/v2\/pages\/260\/revisions\/379"}],"wp:attachment":[{"href":"https:\/\/emeraldresidence.pl\/index.php\/wp-json\/wp\/v2\/media?parent=260"}],"curies":[{"name":"wp","href":"https:\/\/api.w.org\/{rel}","templated":true}]}}