{"id":303,"date":"2023-07-28T12:31:39","date_gmt":"2023-07-28T12:31:39","guid":{"rendered":"https:\/\/emeraldresidence.pl\/?page_id=303"},"modified":"2023-07-28T12:36:11","modified_gmt":"2023-07-28T12:36:11","slug":"osiedle-domagaly-45h-krakow-podgorze","status":"publish","type":"page","link":"https:\/\/emeraldresidence.pl\/index.php\/osiedle-domagaly-45h-krakow-podgorze\/","title":{"rendered":"Osiedle Domaga\u0142y 45H, Krak\u00f3w Podg\u00f3rze"},"content":{"rendered":"<p>[et_pb_section fb_built=&#8221;1&#8243; admin_label=&#8221;Hero section&#8221; _builder_version=&#8221;4.21.0&#8243; background_color=&#8221;rgba(0,0,0,0.36)&#8221; background_image=&#8221;https:\/\/emeraldresidence.pl\/wp-content\/uploads\/2023\/07\/IMG_6309.jpeg&#8221; background_position=&#8221;bottom_center&#8221; background_vertical_offset=&#8221;49%&#8221; background_blend=&#8221;multiply&#8221; custom_margin=&#8221;|||&#8221; custom_padding=&#8221;8.9%||2%|||&#8221; hover_enabled=&#8221;0&#8243; global_colors_info=&#8221;{}&#8221; title_text=&#8221;IMG_6309&#8243; sticky_enabled=&#8221;0&#8243;][et_pb_row _builder_version=&#8221;4.21.0&#8243; width=&#8221;90%&#8221; custom_margin=&#8221;|auto|6px|auto||&#8221; custom_padding=&#8221;0px|||||&#8221; global_colors_info=&#8221;{}&#8221;][et_pb_column type=&#8221;4_4&#8243; _builder_version=&#8221;4.16&#8243; custom_padding=&#8221;1px|||&#8221; global_colors_info=&#8221;{}&#8221; custom_padding__hover=&#8221;|||&#8221;][et_pb_cta title=&#8221;Osiedle Domaga\u0142y 45H, Krak\u00f3w Podg\u00f3rze&#8221; button_url=&#8221;#&#8221; _builder_version=&#8221;4.21.0&#8243; header_level=&#8221;h1&#8243; header_font=&#8221;Vidaloka|900||on|||||&#8221; header_text_align=&#8221;center&#8221; header_font_size=&#8221;40px&#8221; header_letter_spacing=&#8221;2px&#8221; header_line_height=&#8221;1.2em&#8221; body_font=&#8221;Montserrat||||||||&#8221; body_font_size=&#8221;15px&#8221; body_line_height=&#8221;1.8em&#8221; use_background_color=&#8221;off&#8221; custom_button=&#8221;on&#8221; button_text_size=&#8221;14px&#8221; button_text_color=&#8221;#ffffff&#8221; button_bg_color=&#8221;#bd9a68&#8243; button_border_width=&#8221;6px&#8221; button_border_color=&#8221;#bd9a68&#8243; button_border_radius=&#8221;5px&#8221; button_letter_spacing=&#8221;2px&#8221; button_font=&#8221;Montserrat|||on|||||&#8221; module_alignment=&#8221;center&#8221; custom_margin=&#8221;||||false|false&#8221; custom_margin_tablet=&#8221;||||false|false&#8221; custom_margin_phone=&#8221;35px||||false|false&#8221; custom_margin_last_edited=&#8221;on|phone&#8221; animation_style=&#8221;fold&#8221; animation_intensity_fold=&#8221;16%&#8221; hover_enabled=&#8221;0&#8243; header_font_size_tablet=&#8221;46px&#8221; header_font_size_phone=&#8221;29px&#8221; header_font_size_last_edited=&#8221;on|phone&#8221; header_text_shadow_style=&#8221;preset1&#8243; header_text_shadow_blur_strength=&#8221;0.6em&#8221; header_text_shadow_color=&#8221;rgba(0,0,0,0.6)&#8221; box_shadow_style_button=&#8221;preset3&#8243; box_shadow_blur_button=&#8221;30px&#8221; box_shadow_spread_button=&#8221;8px&#8221; box_shadow_color_button=&#8221;rgba(250,127,40,0.15)&#8221; button_letter_spacing_hover=&#8221;2px&#8221; global_colors_info=&#8221;{}&#8221; button_text_size__hover_enabled=&#8221;off&#8221; button_one_text_size__hover_enabled=&#8221;off&#8221; button_two_text_size__hover_enabled=&#8221;off&#8221; button_text_color__hover_enabled=&#8221;off&#8221; button_one_text_color__hover_enabled=&#8221;off&#8221; button_two_text_color__hover_enabled=&#8221;off&#8221; button_border_width__hover_enabled=&#8221;off&#8221; button_one_border_width__hover_enabled=&#8221;off&#8221; button_two_border_width__hover_enabled=&#8221;off&#8221; button_border_color__hover_enabled=&#8221;off&#8221; button_one_border_color__hover_enabled=&#8221;off&#8221; button_two_border_color__hover_enabled=&#8221;off&#8221; button_border_radius__hover_enabled=&#8221;off&#8221; button_one_border_radius__hover_enabled=&#8221;off&#8221; button_two_border_radius__hover_enabled=&#8221;off&#8221; button_letter_spacing__hover_enabled=&#8221;on&#8221; button_letter_spacing__hover=&#8221;2px&#8221; button_one_letter_spacing__hover_enabled=&#8221;off&#8221; button_two_letter_spacing__hover_enabled=&#8221;off&#8221; button_bg_color__hover_enabled=&#8221;off&#8221; button_one_bg_color__hover_enabled=&#8221;off&#8221; button_two_bg_color__hover_enabled=&#8221;off&#8221; sticky_enabled=&#8221;0&#8243;][\/et_pb_cta][\/et_pb_column][\/et_pb_row][\/et_pb_section][et_pb_section fb_built=&#8221;1&#8243; admin_label=&#8221;About Section&#8221; _builder_version=&#8221;4.21.0&#8243; background_color=&#8221;#f4f4f4&#8243; custom_padding=&#8221;36px|0px|103px|0px||&#8221; global_colors_info=&#8221;{}&#8221;][et_pb_row use_custom_gutter=&#8221;on&#8221; gutter_width=&#8221;2&#8243; _builder_version=&#8221;4.21.0&#8243; custom_margin=&#8221;|auto|-16px|auto||&#8221; global_colors_info=&#8221;{}&#8221;][et_pb_column type=&#8221;4_4&#8243; _builder_version=&#8221;4.16&#8243; custom_padding=&#8221;|||&#8221; global_colors_info=&#8221;{}&#8221; custom_padding__hover=&#8221;|||&#8221;][et_pb_text module_class=&#8221;tekst&#8221; _builder_version=&#8221;4.21.0&#8243; text_font=&#8221;Montserrat|300|||||||&#8221; text_text_color=&#8221;#000000&#8243; text_font_size=&#8221;15px&#8221; text_line_height=&#8221;1.8em&#8221; link_text_color=&#8221;#6c744a&#8221; header_font=&#8221;||||||||&#8221; header_2_font=&#8221;Lato||||||||&#8221; header_3_font=&#8221;Montserrat||||||||&#8221; header_3_text_color=&#8221;#474747&#8243; header_3_font_size=&#8221;15px&#8221; header_3_line_height=&#8221;2em&#8221; width=&#8221;100%&#8221; module_alignment=&#8221;center&#8221; custom_margin=&#8221;9px|||||&#8221; hover_enabled=&#8221;0&#8243; global_colors_info=&#8221;{}&#8221; sticky_enabled=&#8221;0&#8243;]<\/p>\n<p style=\"text-align: left;\"><span>Witam. Do wynaj\u0119cia nowoczesna o najwy\u017cszym standardzie wyko\u0144czenia kawalerka <strong>na os. Z\u0142ocie\u0144 (ul. Domaga\u0142y) w Krakowie\/ Podg\u00f3rze.<\/strong> Posiada ona wszystkie niezb\u0119dne urz\u0105dzenia do zamieszkania od zaraz. Atutem mieszkania jest pi\u0119kna i funkcjonalna kuchnia z du\u017c\u0105 ilo\u015bci\u0105 miejsca do przechowywania rzeczy. Mieszkanie znajduje si\u0119 na 4 pi\u0119trze od zacisznej strony bloku ( po\u0142udniowo -zachodnia cze\u015b\u0107).W okolicy znajduj\u0105 si\u0119 przer\u00f3\u017cne sklepy, apteki, salony fryzjerskie, kosmetyczne,kawiarnie oraz przedszkole. <strong>Dogodny dojazd do centrum Krakowa<\/strong> ( dodatkowo stacja PKP Krak\u00f3w Z\u0142ocie\u0144 oraz zajezdnia autobusowa oddalone 5 min. pieszo od mieszkania).<\/span><\/p>\n<p style=\"text-align: left;\"><strong>Koszty:<\/strong><\/p>\n<p>&#8211; Czynsz najmu- 1990PLN m-c<br \/>&#8211; Koszty z tyt. zarz\u0105dzania wraz z mediami ( pr\u0105d)- 450 m-c<br \/>Koszt z tytu\u0142u zarz\u0105dzania nieruchomo\u015bci\u0105 zawiera ZALICZKI na ciep\u0142\u0105 oraz zimn\u0105 wod\u0119, wyw\u00f3z \u015bmieci, utrzymanie cz\u0119\u015bci wsp\u00f3lnych oraz rachunki za pr\u0105d.<br \/>&#8211; Kaucja zwrotna- 3000 PLN. Umowa obejmuje najem okazjonalny. Mieszkanie dostepne od 28 czerwca sroda 2023.<\/p>\n<p><span>Serdecznie zapraszam do wynaj\u0119cia mieszkania.<\/span><br \/><span>Pozdrawiam serdecznie.<\/span><br \/><span>We SPEAK ENGLISH<\/span><\/p>\n<p>[\/et_pb_text][et_pb_gallery gallery_ids=&#8221;307,308,309,310,311,312,313,314&#8243; posts_number=&#8221;6&#8243; show_title_and_caption=&#8221;off&#8221; show_pagination=&#8221;off&#8221; zoom_icon_color=&#8221;#6c744a&#8221; _builder_version=&#8221;4.21.0&#8243; _module_preset=&#8221;default&#8221; custom_margin=&#8221;38px|||||&#8221; hover_enabled=&#8221;0&#8243; global_colors_info=&#8221;{}&#8221; sticky_enabled=&#8221;0&#8243;][\/et_pb_gallery][\/et_pb_column][\/et_pb_row][\/et_pb_section]<\/p>\n","protected":false},"excerpt":{"rendered":"<p>Witam. Do wynaj\u0119cia nowoczesna o najwy\u017cszym standardzie wyko\u0144czenia kawalerka na os. Z\u0142ocie\u0144 (ul. Domaga\u0142y) w Krakowie\/ Podg\u00f3rze. Posiada ona wszystkie niezb\u0119dne urz\u0105dzenia do zamieszkania od zaraz. Atutem mieszkania jest pi\u0119kna i funkcjonalna kuchnia z du\u017c\u0105 ilo\u015bci\u0105 miejsca do przechowywania rzeczy. Mieszkanie znajduje si\u0119 na 4 pi\u0119trze od zacisznej strony bloku ( po\u0142udniowo -zachodnia cze\u015b\u0107).W okolicy [&hellip;]<\/p>\n","protected":false},"author":1,"featured_media":0,"parent":0,"menu_order":0,"comment_status":"closed","ping_status":"closed","template":"","meta":{"_et_pb_use_builder":"on","_et_pb_old_content":"","_et_gb_content_width":"","footnotes":""},"_links":{"self":[{"href":"https:\/\/emeraldresidence.pl\/index.php\/wp-json\/wp\/v2\/pages\/303"}],"collection":[{"href":"https:\/\/emeraldresidence.pl\/index.php\/wp-json\/wp\/v2\/pages"}],"about":[{"href":"https:\/\/emeraldresidence.pl\/index.php\/wp-json\/wp\/v2\/types\/page"}],"author":[{"embeddable":true,"href":"https:\/\/emeraldresidence.pl\/index.php\/wp-json\/wp\/v2\/users\/1"}],"replies":[{"embeddable":true,"href":"https:\/\/emeraldresidence.pl\/index.php\/wp-json\/wp\/v2\/comments?post=303"}],"version-history":[{"count":4,"href":"https:\/\/emeraldresidence.pl\/index.php\/wp-json\/wp\/v2\/pages\/303\/revisions"}],"predecessor-version":[{"id":315,"href":"https:\/\/emeraldresidence.pl\/index.php\/wp-json\/wp\/v2\/pages\/303\/revisions\/315"}],"wp:attachment":[{"href":"https:\/\/emeraldresidence.pl\/index.php\/wp-json\/wp\/v2\/media?parent=303"}],"curies":[{"name":"wp","href":"https:\/\/api.w.org\/{rel}","templated":true}]}}