{"id":449,"date":"2023-08-01T17:41:47","date_gmt":"2023-08-01T17:41:47","guid":{"rendered":"https:\/\/emeraldresidence.pl\/?page_id=449"},"modified":"2024-10-07T20:08:58","modified_gmt":"2024-10-07T20:08:58","slug":"o-mnie","status":"publish","type":"page","link":"https:\/\/emeraldresidence.pl\/index.php\/o-mnie\/","title":{"rendered":"O Mnie"},"content":{"rendered":"<p>[et_pb_section fb_built=&#8221;1&#8243; custom_padding_last_edited=&#8221;on|phone&#8221; admin_label=&#8221;Hero section&#8221; _builder_version=&#8221;4.21.0&#8243; background_color=&#8221;rgba(0,0,0,0.36)&#8221; background_image=&#8221;https:\/\/emeraldresidence.pl\/wp-content\/uploads\/2023\/07\/desktop-1920&#215;1080-1.jpg&#8221; background_position=&#8221;bottom_center&#8221; background_blend=&#8221;multiply&#8221; custom_margin=&#8221;|||&#8221; custom_padding=&#8221;6%||5%||false|false&#8221; custom_padding_tablet=&#8221;6%||5%||false|false&#8221; custom_padding_phone=&#8221;10%||5%||false|false&#8221; global_colors_info=&#8221;{}&#8221;][et_pb_row _builder_version=&#8221;4.21.0&#8243; custom_margin=&#8221;|auto|6px|auto||&#8221; global_colors_info=&#8221;{}&#8221;][et_pb_column type=&#8221;4_4&#8243; _builder_version=&#8221;4.16&#8243; custom_padding=&#8221;1px|||&#8221; global_colors_info=&#8221;{}&#8221; custom_padding__hover=&#8221;|||&#8221;][et_pb_cta title=&#8221;O Mnie&#8221; button_url=&#8221;#&#8221; _builder_version=&#8221;4.21.0&#8243; header_level=&#8221;h1&#8243; header_font=&#8221;Vidaloka|900||on|||||&#8221; header_text_align=&#8221;center&#8221; header_font_size=&#8221;60px&#8221; header_letter_spacing=&#8221;2px&#8221; header_line_height=&#8221;1.2em&#8221; body_font=&#8221;Montserrat||||||||&#8221; body_font_size=&#8221;15px&#8221; body_line_height=&#8221;1.8em&#8221; use_background_color=&#8221;off&#8221; custom_button=&#8221;on&#8221; button_text_size=&#8221;14px&#8221; button_text_color=&#8221;#ffffff&#8221; button_bg_color=&#8221;#bd9a68&#8243; button_border_width=&#8221;6px&#8221; button_border_color=&#8221;#bd9a68&#8243; button_border_radius=&#8221;5px&#8221; button_letter_spacing=&#8221;2px&#8221; button_font=&#8221;Montserrat|||on|||||&#8221; module_alignment=&#8221;center&#8221; custom_margin=&#8221;||||false|false&#8221; animation_style=&#8221;fold&#8221; animation_intensity_fold=&#8221;16%&#8221; header_font_size_tablet=&#8221;46px&#8221; header_font_size_phone=&#8221;38px&#8221; header_font_size_last_edited=&#8221;on|tablet&#8221; header_text_shadow_style=&#8221;preset1&#8243; header_text_shadow_blur_strength=&#8221;0.6em&#8221; header_text_shadow_color=&#8221;rgba(0,0,0,0.6)&#8221; box_shadow_style_button=&#8221;preset3&#8243; box_shadow_blur_button=&#8221;30px&#8221; box_shadow_spread_button=&#8221;8px&#8221; box_shadow_color_button=&#8221;rgba(250,127,40,0.15)&#8221; button_letter_spacing_hover=&#8221;2px&#8221; global_colors_info=&#8221;{}&#8221; button_text_size__hover_enabled=&#8221;off&#8221; button_one_text_size__hover_enabled=&#8221;off&#8221; button_two_text_size__hover_enabled=&#8221;off&#8221; button_text_color__hover_enabled=&#8221;off&#8221; button_one_text_color__hover_enabled=&#8221;off&#8221; button_two_text_color__hover_enabled=&#8221;off&#8221; button_border_width__hover_enabled=&#8221;off&#8221; button_one_border_width__hover_enabled=&#8221;off&#8221; button_two_border_width__hover_enabled=&#8221;off&#8221; button_border_color__hover_enabled=&#8221;off&#8221; button_one_border_color__hover_enabled=&#8221;off&#8221; button_two_border_color__hover_enabled=&#8221;off&#8221; button_border_radius__hover_enabled=&#8221;off&#8221; button_one_border_radius__hover_enabled=&#8221;off&#8221; button_two_border_radius__hover_enabled=&#8221;off&#8221; button_letter_spacing__hover_enabled=&#8221;on&#8221; button_letter_spacing__hover=&#8221;2px&#8221; button_one_letter_spacing__hover_enabled=&#8221;off&#8221; button_two_letter_spacing__hover_enabled=&#8221;off&#8221; button_bg_color__hover_enabled=&#8221;off&#8221; button_one_bg_color__hover_enabled=&#8221;off&#8221; button_two_bg_color__hover_enabled=&#8221;off&#8221;][\/et_pb_cta][\/et_pb_column][\/et_pb_row][\/et_pb_section][et_pb_section fb_built=&#8221;1&#8243; custom_padding_last_edited=&#8221;on|phone&#8221; admin_label=&#8221;About Section&#8221; _builder_version=&#8221;4.21.0&#8243; background_color=&#8221;#f4f4f4&#8243; custom_padding=&#8221;36px|0px|37px|0px||&#8221; custom_padding_tablet=&#8221;36px|0px|37px|0px||&#8221; custom_padding_phone=&#8221;1px||||false|false&#8221; global_colors_info=&#8221;{}&#8221;][et_pb_row _builder_version=&#8221;4.22.2&#8243; custom_margin=&#8221;32px|auto|70px|auto||&#8221; custom_margin_tablet=&#8221;32px|auto|70px|auto||&#8221; custom_margin_phone=&#8221;32px|auto|12px|auto|false|false&#8221; custom_margin_last_edited=&#8221;on|phone&#8221; custom_padding=&#8221;12px|||||&#8221; hover_enabled=&#8221;0&#8243; global_colors_info=&#8221;{}&#8221; sticky_enabled=&#8221;0&#8243;][et_pb_column type=&#8221;4_4&#8243; _builder_version=&#8221;4.16&#8243; custom_padding=&#8221;|||&#8221; global_colors_info=&#8221;{}&#8221; custom_padding__hover=&#8221;|||&#8221;][et_pb_text _builder_version=&#8221;4.21.0&#8243; text_font=&#8221;Vidaloka|||on|||||&#8221; text_text_color=&#8221;#000000&#8243; text_font_size=&#8221;56px&#8221; text_line_height=&#8221;1.1em&#8221; header_font=&#8221;||||||||&#8221; header_2_font=&#8221;Lato||||||||&#8221; header_3_font=&#8221;Montserrat|||on|||||&#8221; header_3_font_size=&#8221;15px&#8221; header_3_line_height=&#8221;1.5em&#8221; custom_margin=&#8221;60px||4px|||&#8221; text_font_size_tablet=&#8221;56px&#8221; text_font_size_phone=&#8221;40px&#8221; text_font_size_last_edited=&#8221;on|phone&#8221; global_colors_info=&#8221;{}&#8221;]<\/p>\n<h3 style=\"text-align: left;\">Kim JEstem?<\/h3>\n<p>[\/et_pb_text][et_pb_text module_class=&#8221;tekst&#8221; _builder_version=&#8221;4.22.2&#8243; text_font=&#8221;Montserrat||||||||&#8221; text_text_color=&#8221;#000000&#8243; text_font_size=&#8221;15px&#8221; text_line_height=&#8221;1.3em&#8221; header_font=&#8221;||||||||&#8221; header_2_font=&#8221;Lato||||||||&#8221; header_3_font=&#8221;Montserrat||||||||&#8221; header_3_text_color=&#8221;#474747&#8243; header_3_font_size=&#8221;15px&#8221; header_3_line_height=&#8221;2em&#8221; width_tablet=&#8221;75%&#8221; width_phone=&#8221;100%&#8221; width_last_edited=&#8221;on|phone&#8221; module_alignment=&#8221;center&#8221; custom_margin=&#8221;9px|||||&#8221; global_colors_info=&#8221;{}&#8221;]<\/p>\n<h3 style=\"text-align: left;\"><span>Reprezentuje\u00a0 agencje po\u015brednictwa nieruchomo\u015bci <\/span><b>Emerald\u00a0Residence<\/b><span>. W 2013 roku uzyska\u0142am dyplom MBA z zarz\u0105dzania\u00a0projektami, co umo\u017cliwia mi na co dzie\u0144\u00a0wykorzystanie wiedzy z zakresu zarz\u0105dzania i biznesu w dynamicznym \u015brodowisku rynku nieruchomo\u015bci. Moje umiej\u0119tno\u015bci analityczne, negocjacyjne oraz doskona\u0142e relacje z klientami i deweloperami znajduj\u0105 swoje odzwierciedlenie w wielu zrealizowanych pomy\u015blnie transakcjach. <\/span><\/h3>\n<h3 style=\"text-align: left;\"><span>Z pasj\u0105 doradzam klientom w procesie sprzeda\u017cy,\u00a0 zakupu i wynajmu nieruchomo\u015bci, dostosowuj\u0105c si\u0119 do ich indywidualnych potrzeb i cel\u00f3w. Jestem profesjonalistk\u0105, dzia\u0142aj\u0105c\u0105 z determinacj\u0105, precyzj\u0105 i zawsze dbaj\u0105c\u0105 o wysok\u0105 jako\u015b\u0107 obs\u0142ugi. Moim celem jest zapewnienie klientom gwarantowanej satysfakcji i osi\u0105gni\u0119cie optymalnych rezultat\u00f3w w transakcjach nieruchomo\u015bciowych.<\/span><\/h3>\n<p>[\/et_pb_text][et_pb_text module_class=&#8221;tekst&#8221; _builder_version=&#8221;4.21.0&#8243; text_font=&#8221;Montserrat||||||||&#8221; text_text_color=&#8221;#000000&#8243; text_font_size=&#8221;15px&#8221; text_line_height=&#8221;1.3em&#8221; header_font=&#8221;||||||||&#8221; header_2_font=&#8221;Lato||||||||&#8221; header_3_font=&#8221;Montserrat||||||||&#8221; header_3_text_color=&#8221;#474747&#8243; header_3_font_size=&#8221;15px&#8221; header_3_line_height=&#8221;2em&#8221; width_tablet=&#8221;75%&#8221; width_phone=&#8221;100%&#8221; width_last_edited=&#8221;on|phone&#8221; module_alignment=&#8221;center&#8221; custom_margin=&#8221;9px|||||&#8221; global_colors_info=&#8221;{}&#8221;]<\/p>\n<p style=\"font-weight: 400;\"><strong>Moje specjalizacje:<\/strong><\/p>\n<ul>\n<li style=\"font-weight: 400;\"><span><\/span>Doradztwo w zakresie sprzeda\u017cy, wynajmu i zakupu nieruchomo\u015bci oraz gruntow<\/li>\n<li style=\"font-weight: 400;\"><span><\/span>Doskona\u0142e umiej\u0119tno\u015bci negocjacyjne i budowanie trwa\u0142ych relacji z klientami<\/li>\n<li style=\"font-weight: 400;\"><span>Zorientowanie na klienta, etyka pracy i profesjonalne podej\u015bcie<\/span><\/li>\n<li style=\"font-weight: 400;\"><span><\/span><span>Skuteczne pozyskiwanie klient\u00f3w poprzez rozwijanie sieci kontakt\u00f3w i wsp\u00f3\u0142prac\u0119 z deweloperami<\/span><\/li>\n<li style=\"font-weight: 400;\">Silne umiej\u0119tno\u015bci komunikacyjne oraz doskona\u0142a organizacja czasu<\/li>\n<\/ul>\n<p style=\"font-weight: 400;\"><strong>Do\u015bwiadczenie\u00a0zawodowe:<\/strong><\/p>\n<ul>\n<li style=\"font-weight: 400;\">\u00a0Nieustanne budowanie solidnej sieci kontakt\u00f3w w bran\u017cy nieruchomo\u015bci, w tym deweloper\u00f3w, po\u015brednik\u00f3w i inwestor\u00f3w<\/li>\n<li style=\"font-weight: 400;\">Skuteczne przeprowadzenie wielu udanych transakcji nieruchomo\u015bciowych, osi\u0105gaj\u0105c zadowolenie klient\u00f3w i wysokie wyniki finansowe<\/li>\n<\/ul>\n<p style=\"font-weight: 400;\"><strong>Wykszta\u0142cenie:<\/strong><strong><\/strong><\/p>\n<p style=\"font-weight: 400;\"><strong><\/strong><\/p>\n<ul>\n<li style=\"font-weight: 400;\"><span>Dyplom MBA z zakresu zarz\u0105dzania projektami (Liverpool John Moores University, 2013)<\/span><\/li>\n<\/ul>\n<p>[\/et_pb_text][\/et_pb_column][\/et_pb_row][\/et_pb_section]<\/p>\n","protected":false},"excerpt":{"rendered":"<p>Kim JEstem?Reprezentuje\u00a0 agencje po\u015brednictwa nieruchomo\u015bci Emerald\u00a0Residence. W 2013 roku uzyska\u0142am dyplom MBA z zarz\u0105dzania\u00a0projektami, co umo\u017cliwia mi na co dzie\u0144\u00a0wykorzystanie wiedzy z zakresu zarz\u0105dzania i biznesu w dynamicznym \u015brodowisku rynku nieruchomo\u015bci. Moje umiej\u0119tno\u015bci analityczne, negocjacyjne oraz doskona\u0142e relacje z klientami i deweloperami znajduj\u0105 swoje odzwierciedlenie w wielu zrealizowanych pomy\u015blnie transakcjach. Z pasj\u0105 doradzam klientom w [&hellip;]<\/p>\n","protected":false},"author":1,"featured_media":0,"parent":0,"menu_order":0,"comment_status":"closed","ping_status":"closed","template":"","meta":{"_et_pb_use_builder":"on","_et_pb_old_content":"","_et_gb_content_width":"","footnotes":""},"_links":{"self":[{"href":"https:\/\/emeraldresidence.pl\/index.php\/wp-json\/wp\/v2\/pages\/449"}],"collection":[{"href":"https:\/\/emeraldresidence.pl\/index.php\/wp-json\/wp\/v2\/pages"}],"about":[{"href":"https:\/\/emeraldresidence.pl\/index.php\/wp-json\/wp\/v2\/types\/page"}],"author":[{"embeddable":true,"href":"https:\/\/emeraldresidence.pl\/index.php\/wp-json\/wp\/v2\/users\/1"}],"replies":[{"embeddable":true,"href":"https:\/\/emeraldresidence.pl\/index.php\/wp-json\/wp\/v2\/comments?post=449"}],"version-history":[{"count":9,"href":"https:\/\/emeraldresidence.pl\/index.php\/wp-json\/wp\/v2\/pages\/449\/revisions"}],"predecessor-version":[{"id":681,"href":"https:\/\/emeraldresidence.pl\/index.php\/wp-json\/wp\/v2\/pages\/449\/revisions\/681"}],"wp:attachment":[{"href":"https:\/\/emeraldresidence.pl\/index.php\/wp-json\/wp\/v2\/media?parent=449"}],"curies":[{"name":"wp","href":"https:\/\/api.w.org\/{rel}","templated":true}]}}