{"id":555,"date":"2023-10-11T11:26:40","date_gmt":"2023-10-11T11:26:40","guid":{"rendered":"https:\/\/emeraldresidence.pl\/?page_id=555"},"modified":"2023-10-11T11:47:02","modified_gmt":"2023-10-11T11:47:02","slug":"klimatyczna-kawalerka-na-sprzedaz","status":"publish","type":"page","link":"https:\/\/emeraldresidence.pl\/index.php\/klimatyczna-kawalerka-na-sprzedaz\/","title":{"rendered":"Klimatyczna kawalerka na sprzeda\u017c"},"content":{"rendered":"<p>[et_pb_section fb_built=&#8221;1&#8243; admin_label=&#8221;Hero section&#8221; _builder_version=&#8221;4.22.2&#8243; background_color=&#8221;rgba(0,0,0,0.36)&#8221; background_image=&#8221;https:\/\/emeraldresidence.pl\/wp-content\/uploads\/2023\/10\/salon3.jpeg&#8221; background_blend=&#8221;multiply&#8221; custom_margin=&#8221;|||&#8221; custom_padding=&#8221;8.9%||2%|||&#8221; hover_enabled=&#8221;0&#8243; global_colors_info=&#8221;{}&#8221; title_text=&#8221;salon3&#8243; background_position=&#8221;bottom_center&#8221; background_vertical_offset=&#8221;42%&#8221; sticky_enabled=&#8221;0&#8243;][et_pb_row _builder_version=&#8221;4.21.0&#8243; width=&#8221;90%&#8221; custom_margin=&#8221;|auto|6px|auto||&#8221; custom_padding=&#8221;0px|||||&#8221; global_colors_info=&#8221;{}&#8221;][et_pb_column type=&#8221;4_4&#8243; _builder_version=&#8221;4.16&#8243; custom_padding=&#8221;1px|||&#8221; global_colors_info=&#8221;{}&#8221; custom_padding__hover=&#8221;|||&#8221;][et_pb_cta title=&#8221;Klimatyczna kawalerka na sprzeda\u017c&#8221; button_url=&#8221;#&#8221; _builder_version=&#8221;4.22.2&#8243; header_level=&#8221;h1&#8243; header_font=&#8221;Vidaloka|900||on|||||&#8221; header_text_align=&#8221;center&#8221; header_font_size=&#8221;40px&#8221; header_letter_spacing=&#8221;2px&#8221; header_line_height=&#8221;1.2em&#8221; body_font=&#8221;Montserrat||||||||&#8221; body_font_size=&#8221;15px&#8221; body_line_height=&#8221;1.8em&#8221; use_background_color=&#8221;off&#8221; custom_button=&#8221;on&#8221; button_text_size=&#8221;14px&#8221; button_text_color=&#8221;#ffffff&#8221; button_bg_color=&#8221;#bd9a68&#8243; button_border_width=&#8221;6px&#8221; button_border_color=&#8221;#bd9a68&#8243; button_border_radius=&#8221;5px&#8221; button_letter_spacing=&#8221;2px&#8221; button_font=&#8221;Montserrat|||on|||||&#8221; module_alignment=&#8221;center&#8221; custom_margin=&#8221;||||false|false&#8221; custom_margin_tablet=&#8221;||||false|false&#8221; custom_margin_phone=&#8221;35px||||false|false&#8221; custom_margin_last_edited=&#8221;on|phone&#8221; animation_style=&#8221;fold&#8221; animation_intensity_fold=&#8221;16%&#8221; hover_enabled=&#8221;0&#8243; header_font_size_tablet=&#8221;46px&#8221; header_font_size_phone=&#8221;29px&#8221; header_font_size_last_edited=&#8221;on|phone&#8221; header_text_shadow_style=&#8221;preset1&#8243; header_text_shadow_blur_strength=&#8221;0.6em&#8221; header_text_shadow_color=&#8221;rgba(0,0,0,0.6)&#8221; box_shadow_style_button=&#8221;preset3&#8243; box_shadow_blur_button=&#8221;30px&#8221; box_shadow_spread_button=&#8221;8px&#8221; box_shadow_color_button=&#8221;rgba(250,127,40,0.15)&#8221; button_letter_spacing_hover=&#8221;2px&#8221; global_colors_info=&#8221;{}&#8221; button_text_size__hover_enabled=&#8221;off&#8221; button_one_text_size__hover_enabled=&#8221;off&#8221; button_two_text_size__hover_enabled=&#8221;off&#8221; button_text_color__hover_enabled=&#8221;off&#8221; button_one_text_color__hover_enabled=&#8221;off&#8221; button_two_text_color__hover_enabled=&#8221;off&#8221; button_border_width__hover_enabled=&#8221;off&#8221; button_one_border_width__hover_enabled=&#8221;off&#8221; button_two_border_width__hover_enabled=&#8221;off&#8221; button_border_color__hover_enabled=&#8221;off&#8221; button_one_border_color__hover_enabled=&#8221;off&#8221; button_two_border_color__hover_enabled=&#8221;off&#8221; button_border_radius__hover_enabled=&#8221;off&#8221; button_one_border_radius__hover_enabled=&#8221;off&#8221; button_two_border_radius__hover_enabled=&#8221;off&#8221; button_letter_spacing__hover_enabled=&#8221;on&#8221; button_letter_spacing__hover=&#8221;2px&#8221; button_one_letter_spacing__hover_enabled=&#8221;off&#8221; button_two_letter_spacing__hover_enabled=&#8221;off&#8221; button_bg_color__hover_enabled=&#8221;off&#8221; button_one_bg_color__hover_enabled=&#8221;off&#8221; button_two_bg_color__hover_enabled=&#8221;off&#8221; sticky_enabled=&#8221;0&#8243;][\/et_pb_cta][\/et_pb_column][\/et_pb_row][\/et_pb_section][et_pb_section fb_built=&#8221;1&#8243; _builder_version=&#8221;4.21.0&#8243; _module_preset=&#8221;default&#8221; background_color=&#8221;#fcfcfc&#8221; custom_padding=&#8221;37px||25px|||&#8221; global_colors_info=&#8221;{}&#8221;][et_pb_row column_structure=&#8221;1_4,1_4,1_2&#8243; use_custom_gutter=&#8221;on&#8221; gutter_width=&#8221;1&#8243; custom_padding_last_edited=&#8221;on|desktop&#8221; _builder_version=&#8221;4.22.2&#8243; _module_preset=&#8221;default&#8221; custom_padding=&#8221;9px||15px||false|false&#8221; custom_padding_tablet=&#8221;9px||15px||false|false&#8221; custom_padding_phone=&#8221;9px||15px||false|false&#8221; border_width_bottom=&#8221;0px&#8221; global_colors_info=&#8221;{}&#8221;][et_pb_column type=&#8221;1_4&#8243; _builder_version=&#8221;4.21.0&#8243; _module_preset=&#8221;default&#8221; global_colors_info=&#8221;{}&#8221;][et_pb_text _builder_version=&#8221;4.22.2&#8243; _module_preset=&#8221;default&#8221; text_font=&#8221;Montserrat|700|||||||&#8221; text_text_color=&#8221;#6c744a&#8221; text_font_size=&#8221;20px&#8221; hover_enabled=&#8221;0&#8243; global_colors_info=&#8221;{}&#8221; sticky_enabled=&#8221;0&#8243;]<\/p>\n<p>339 000 z\u0142\u00a0 \u00a0|\u00a0 \u00a036 m\u00b2<\/p>\n<p>[\/et_pb_text][\/et_pb_column][et_pb_column type=&#8221;1_4&#8243; _builder_version=&#8221;4.21.0&#8243; _module_preset=&#8221;default&#8221; global_colors_info=&#8221;{}&#8221;][et_pb_text _builder_version=&#8221;4.22.2&#8243; _module_preset=&#8221;default&#8221; text_font=&#8221;|700|||||||&#8221; text_text_color=&#8221;#606060&#8243; text_font_size=&#8221;15px&#8221; global_colors_info=&#8221;{}&#8221;]<\/p>\n<p>12 580 z\u0142\/m\u00b2<\/p>\n<p>[\/et_pb_text][\/et_pb_column][et_pb_column type=&#8221;1_2&#8243; _builder_version=&#8221;4.21.0&#8243; _module_preset=&#8221;default&#8221; global_colors_info=&#8221;{}&#8221;][et_pb_blurb title=&#8221;ul. Legion\u00f3w Polskich, Bochnia&#8221; use_icon=&#8221;on&#8221; font_icon=&#8221;&#xe081;||divi||400&#8243; icon_color=&#8221;#6c744a&#8221; icon_placement=&#8221;left&#8221; image_icon_width=&#8221;164%&#8221; _builder_version=&#8221;4.22.2&#8243; _module_preset=&#8221;default&#8221; header_font=&#8221;Playfair Display|700|||||||&#8221; header_text_color=&#8221;#606060&#8243; header_font_size=&#8221;15px&#8221; body_font=&#8221;Montserrat||||||||&#8221; body_text_color=&#8221;#444444&#8243; body_font_size=&#8221;13px&#8221; custom_margin=&#8221;||-10px|||&#8221; custom_margin_tablet=&#8221;||-10px|||&#8221; custom_margin_phone=&#8221;25px||||false|false&#8221; custom_margin_last_edited=&#8221;on|phone&#8221; hover_enabled=&#8221;0&#8243; custom_css_blurb_title=&#8221;margin-left: -15px;||margin-top: 2px;&#8221; global_colors_info=&#8221;{}&#8221; sticky_enabled=&#8221;0&#8243;][\/et_pb_blurb][\/et_pb_column][\/et_pb_row][et_pb_row column_structure=&#8221;1_5,1_5,1_5,1_5,1_5&#8243; use_custom_gutter=&#8221;on&#8221; gutter_width=&#8221;2&#8243; _builder_version=&#8221;4.22.2&#8243; _module_preset=&#8221;default&#8221; custom_margin=&#8221;|auto||auto|false|false&#8221; custom_margin_tablet=&#8221;|auto|-32px|auto|false|false&#8221; custom_margin_phone=&#8221;||||false|false&#8221; custom_margin_last_edited=&#8221;on|phone&#8221; custom_padding=&#8221;41px||22px|||&#8221; border_width_top=&#8221;1px&#8221; global_colors_info=&#8221;{}&#8221;][et_pb_column type=&#8221;1_5&#8243; _builder_version=&#8221;4.21.0&#8243; _module_preset=&#8221;default&#8221; global_colors_info=&#8221;{}&#8221;][et_pb_blurb title=&#8221;Powierzchnia&#8221; image=&#8221;https:\/\/emeraldresidence.pl\/wp-content\/uploads\/2023\/10\/measurement.png&#8221; icon_placement=&#8221;left&#8221; image_icon_width=&#8221;90%&#8221; _builder_version=&#8221;4.22.2&#8243; _module_preset=&#8221;default&#8221; header_font=&#8221;Playfair Display|700|||||||&#8221; header_text_color=&#8221;#101929&#8243; header_font_size=&#8221;15px&#8221; body_font=&#8221;Montserrat||||||||&#8221; body_text_color=&#8221;#444444&#8243; body_font_size=&#8221;13px&#8221; hover_enabled=&#8221;0&#8243; custom_css_blurb_image=&#8221;min-width: 40px!Important;&#8221; custom_css_blurb_title=&#8221;margin-bottom: -7px;&#8221; global_colors_info=&#8221;{}&#8221; sticky_enabled=&#8221;0&#8243;]<\/p>\n<p>36 m2<\/p>\n<p>[\/et_pb_blurb][\/et_pb_column][et_pb_column type=&#8221;1_5&#8243; _builder_version=&#8221;4.21.0&#8243; _module_preset=&#8221;default&#8221; global_colors_info=&#8221;{}&#8221;][et_pb_blurb title=&#8221;Liczba pokoi&#8221; image=&#8221;https:\/\/emeraldresidence.pl\/wp-content\/uploads\/2023\/07\/flat-1.png&#8221; icon_placement=&#8221;left&#8221; image_icon_width=&#8221;90%&#8221; _builder_version=&#8221;4.22.2&#8243; _module_preset=&#8221;default&#8221; header_font=&#8221;Playfair Display|700|||||||&#8221; header_text_color=&#8221;#101929&#8243; header_font_size=&#8221;15px&#8221; body_font=&#8221;Montserrat||||||||&#8221; body_text_color=&#8221;#444444&#8243; body_font_size=&#8221;13px&#8221; hover_enabled=&#8221;0&#8243; custom_css_blurb_image=&#8221;min-width: 40px!Important;&#8221; custom_css_blurb_title=&#8221;margin-bottom: -7px;&#8221; global_colors_info=&#8221;{}&#8221; sticky_enabled=&#8221;0&#8243;]<\/p>\n<p>1<\/p>\n<p>[\/et_pb_blurb][\/et_pb_column][et_pb_column type=&#8221;1_5&#8243; _builder_version=&#8221;4.21.0&#8243; _module_preset=&#8221;default&#8221; global_colors_info=&#8221;{}&#8221;][et_pb_blurb title=&#8221;Pi\u0119tro&#8221; image=&#8221;https:\/\/emeraldresidence.pl\/wp-content\/uploads\/2023\/07\/stairs-1.png&#8221; icon_placement=&#8221;left&#8221; image_icon_width=&#8221;90%&#8221; _builder_version=&#8221;4.22.2&#8243; _module_preset=&#8221;default&#8221; header_font=&#8221;Playfair Display|700|||||||&#8221; header_text_color=&#8221;#101929&#8243; header_font_size=&#8221;15px&#8221; body_font=&#8221;Montserrat||||||||&#8221; body_text_color=&#8221;#444444&#8243; body_font_size=&#8221;13px&#8221; hover_enabled=&#8221;0&#8243; custom_css_blurb_image=&#8221;min-width: 40px!Important;&#8221; custom_css_blurb_title=&#8221;margin-bottom: -7px;&#8221; global_colors_info=&#8221;{}&#8221; sticky_enabled=&#8221;0&#8243;]<\/p>\n<p>0 \/ 5<\/p>\n<p>[\/et_pb_blurb][\/et_pb_column][et_pb_column type=&#8221;1_5&#8243; _builder_version=&#8221;4.21.0&#8243; _module_preset=&#8221;default&#8221; global_colors_info=&#8221;{}&#8221;][et_pb_blurb title=&#8221;Czynsz&#8221; image=&#8221;https:\/\/emeraldresidence.pl\/wp-content\/uploads\/2023\/10\/money.png&#8221; icon_placement=&#8221;left&#8221; image_icon_width=&#8221;90%&#8221; _builder_version=&#8221;4.22.2&#8243; _module_preset=&#8221;default&#8221; header_font=&#8221;Playfair Display|700|||||||&#8221; header_text_color=&#8221;#101929&#8243; header_font_size=&#8221;15px&#8221; body_font=&#8221;Montserrat||||||||&#8221; body_text_color=&#8221;#444444&#8243; body_font_size=&#8221;13px&#8221; hover_enabled=&#8221;0&#8243; custom_css_blurb_image=&#8221;min-width: 40px!Important;&#8221; custom_css_blurb_title=&#8221;margin-bottom: -7px;&#8221; global_colors_info=&#8221;{}&#8221; sticky_enabled=&#8221;0&#8243;]<\/p>\n<p>450 z\u0142<\/p>\n<p>[\/et_pb_blurb][\/et_pb_column][et_pb_column type=&#8221;1_5&#8243; _builder_version=&#8221;4.21.0&#8243; _module_preset=&#8221;default&#8221; global_colors_info=&#8221;{}&#8221;][et_pb_blurb title=&#8221;Obs\u0142uga zdalna&#8221; image=&#8221;https:\/\/emeraldresidence.pl\/wp-content\/uploads\/2023\/10\/remote-assistance.png&#8221; icon_placement=&#8221;left&#8221; image_icon_width=&#8221;90%&#8221; _builder_version=&#8221;4.22.2&#8243; _module_preset=&#8221;default&#8221; header_font=&#8221;Playfair Display|700|||||||&#8221; header_text_color=&#8221;#101929&#8243; header_font_size=&#8221;15px&#8221; body_font=&#8221;Montserrat||||||||&#8221; body_text_color=&#8221;#444444&#8243; body_font_size=&#8221;13px&#8221; custom_css_blurb_image=&#8221;min-width: 40px!Important;&#8221; custom_css_blurb_title=&#8221;margin-bottom: -7px;&#8221; global_colors_info=&#8221;{}&#8221;]<\/p>\n<p>tak<\/p>\n<p>[\/et_pb_blurb][\/et_pb_column][\/et_pb_row][et_pb_row column_structure=&#8221;1_5,1_5,1_5,1_5,1_5&#8243; use_custom_gutter=&#8221;on&#8221; gutter_width=&#8221;2&#8243; _builder_version=&#8221;4.22.2&#8243; _module_preset=&#8221;default&#8221; custom_margin=&#8221;|auto|-32px|auto|false|false&#8221; custom_margin_tablet=&#8221;|auto|-32px|auto|false|false&#8221; custom_margin_phone=&#8221;||||false|false&#8221; custom_margin_last_edited=&#8221;on|phone&#8221; custom_padding=&#8221;41px||22px|||&#8221; border_width_top=&#8221;1px&#8221; border_width_top_tablet=&#8221;1px&#8221; border_width_top_phone=&#8221;0px&#8221; border_width_top_last_edited=&#8221;on|phone&#8221; global_colors_info=&#8221;{}&#8221;][et_pb_column type=&#8221;1_5&#8243; _builder_version=&#8221;4.21.0&#8243; _module_preset=&#8221;default&#8221; global_colors_info=&#8221;{}&#8221;][et_pb_blurb title=&#8221;Forma w\u0142asno\u015bci&#8221; image=&#8221;https:\/\/emeraldresidence.pl\/wp-content\/uploads\/2023\/10\/contact-form.png&#8221; icon_placement=&#8221;left&#8221; image_icon_width=&#8221;90%&#8221; _builder_version=&#8221;4.22.2&#8243; _module_preset=&#8221;default&#8221; header_font=&#8221;Playfair Display|700|||||||&#8221; header_text_color=&#8221;#101929&#8243; header_font_size=&#8221;15px&#8221; body_font=&#8221;Montserrat||||||||&#8221; body_text_color=&#8221;#444444&#8243; body_font_size=&#8221;13px&#8221; hover_enabled=&#8221;0&#8243; custom_css_blurb_image=&#8221;min-width: 40px!Important;&#8221; custom_css_blurb_title=&#8221;margin-bottom: -7px;&#8221; global_colors_info=&#8221;{}&#8221; sticky_enabled=&#8221;0&#8243;]<\/p>\n<p>sp\u00f3\u0142dzielcze w\u0142asno\u015bciowe<\/p>\n<p>[\/et_pb_blurb][\/et_pb_column][et_pb_column type=&#8221;1_5&#8243; _builder_version=&#8221;4.21.0&#8243; _module_preset=&#8221;default&#8221; global_colors_info=&#8221;{}&#8221;][et_pb_blurb title=&#8221;Stan mieszkania&#8221; image=&#8221;https:\/\/emeraldresidence.pl\/wp-content\/uploads\/2023\/07\/house-2.png&#8221; icon_placement=&#8221;left&#8221; image_icon_width=&#8221;110%&#8221; _builder_version=&#8221;4.22.2&#8243; _module_preset=&#8221;default&#8221; header_font=&#8221;Playfair Display|700|||||||&#8221; header_text_color=&#8221;#101929&#8243; header_font_size=&#8221;17px&#8221; body_font=&#8221;Montserrat||||||||&#8221; body_text_color=&#8221;#444444&#8243; custom_padding_tablet=&#8221;&#8221; custom_padding_phone=&#8221;||||false|false&#8221; custom_padding_last_edited=&#8221;on|phone&#8221; hover_enabled=&#8221;0&#8243; custom_css_blurb_image=&#8221;min-width: 40px!Important;&#8221; custom_css_blurb_title=&#8221;margin-bottom: -7px;&#8221; global_colors_info=&#8221;{}&#8221; sticky_enabled=&#8221;0&#8243;]<\/p>\n<p>do zamieszkania<\/p>\n<p>[\/et_pb_blurb][\/et_pb_column][et_pb_column type=&#8221;1_5&#8243; _builder_version=&#8221;4.21.0&#8243; _module_preset=&#8221;default&#8221; global_colors_info=&#8221;{}&#8221;][et_pb_blurb title=&#8221;Balkon\/Ogr\u00f3d\/Taras&#8221; image=&#8221;https:\/\/emeraldresidence.pl\/wp-content\/uploads\/2023\/10\/balcony.png&#8221; icon_placement=&#8221;left&#8221; image_icon_width=&#8221;90%&#8221; _builder_version=&#8221;4.22.2&#8243; _module_preset=&#8221;default&#8221; header_font=&#8221;Playfair Display|700|||||||&#8221; header_text_color=&#8221;#101929&#8243; header_font_size=&#8221;15px&#8221; body_font=&#8221;Montserrat||||||||&#8221; body_text_color=&#8221;#444444&#8243; body_font_size=&#8221;13px&#8221; hover_enabled=&#8221;0&#8243; custom_css_blurb_image=&#8221;min-width: 40px!Important;&#8221; custom_css_blurb_title=&#8221;margin-bottom: -7px;&#8221; global_colors_info=&#8221;{}&#8221; sticky_enabled=&#8221;0&#8243;]<\/p>\n<p>balkon<\/p>\n<p>[\/et_pb_blurb][\/et_pb_column][et_pb_column type=&#8221;1_5&#8243; _builder_version=&#8221;4.21.0&#8243; _module_preset=&#8221;default&#8221; global_colors_info=&#8221;{}&#8221;][et_pb_blurb title=&#8221;Parking&#8221; image=&#8221;https:\/\/emeraldresidence.pl\/wp-content\/uploads\/2023\/07\/parking-1.png&#8221; icon_placement=&#8221;left&#8221; image_icon_width=&#8221;90%&#8221; _builder_version=&#8221;4.22.2&#8243; _module_preset=&#8221;default&#8221; header_font=&#8221;Playfair Display|700|||||||&#8221; header_text_color=&#8221;#101929&#8243; header_font_size=&#8221;15px&#8221; body_font=&#8221;Montserrat||||||||&#8221; body_text_color=&#8221;#444444&#8243; body_font_size=&#8221;13px&#8221; hover_enabled=&#8221;0&#8243; custom_css_blurb_image=&#8221;min-width: 40px!Important;&#8221; custom_css_blurb_title=&#8221;margin-bottom: -7px;&#8221; global_colors_info=&#8221;{}&#8221; sticky_enabled=&#8221;0&#8243;]<\/p>\n<p>gara\u017c \/ miejsce parkingowe<\/p>\n<p>[\/et_pb_blurb][\/et_pb_column][et_pb_column type=&#8221;1_5&#8243; _builder_version=&#8221;4.21.0&#8243; _module_preset=&#8221;default&#8221; global_colors_info=&#8221;{}&#8221;][et_pb_blurb title=&#8221;Ogrzewanie&#8221; image=&#8221;https:\/\/emeraldresidence.pl\/wp-content\/uploads\/2023\/10\/heater.png&#8221; icon_placement=&#8221;left&#8221; image_icon_width=&#8221;90%&#8221; _builder_version=&#8221;4.22.2&#8243; _module_preset=&#8221;default&#8221; header_font=&#8221;Playfair Display|700|||||||&#8221; header_text_color=&#8221;#101929&#8243; header_font_size=&#8221;15px&#8221; body_font=&#8221;Montserrat||||||||&#8221; body_text_color=&#8221;#444444&#8243; body_font_size=&#8221;13px&#8221; custom_margin_tablet=&#8221;&#8221; custom_margin_phone=&#8221;||25px||false|false&#8221; custom_margin_last_edited=&#8221;on|phone&#8221; custom_css_blurb_image=&#8221;min-width: 40px!Important;&#8221; custom_css_blurb_title=&#8221;margin-bottom: -7px;&#8221; global_colors_info=&#8221;{}&#8221;]<\/p>\n<p>miejskie<\/p>\n<p>[\/et_pb_blurb][\/et_pb_column][\/et_pb_row][\/et_pb_section][et_pb_section fb_built=&#8221;1&#8243; admin_label=&#8221;About Section&#8221; _builder_version=&#8221;4.21.0&#8243; background_color=&#8221;#f4f4f4&#8243; custom_padding=&#8221;36px|0px|103px|0px||&#8221; global_colors_info=&#8221;{}&#8221;][et_pb_row use_custom_gutter=&#8221;on&#8221; gutter_width=&#8221;2&#8243; _builder_version=&#8221;4.21.0&#8243; custom_margin=&#8221;|auto|-16px|auto||&#8221; global_colors_info=&#8221;{}&#8221;][et_pb_column type=&#8221;4_4&#8243; _builder_version=&#8221;4.16&#8243; custom_padding=&#8221;|||&#8221; global_colors_info=&#8221;{}&#8221; custom_padding__hover=&#8221;|||&#8221;][et_pb_text module_class=&#8221;tekst&#8221; _builder_version=&#8221;4.22.2&#8243; text_font=&#8221;Montserrat||||||||&#8221; text_text_color=&#8221;#474747&#8243; text_font_size=&#8221;15px&#8221; text_line_height=&#8221;2em&#8221; link_text_color=&#8221;#6c744a&#8221; header_font=&#8221;Playfair Display|700|||||||&#8221; header_text_color=&#8221;#101929&#8243; header_font_size=&#8221;17px&#8221; header_2_font=&#8221;Lato||||||||&#8221; header_3_font=&#8221;Montserrat||||||||&#8221; header_3_text_color=&#8221;#474747&#8243; header_3_font_size=&#8221;15px&#8221; header_3_line_height=&#8221;2em&#8221; hover_enabled=&#8221;0&#8243; global_colors_info=&#8221;{}&#8221; sticky_enabled=&#8221;0&#8243;]<\/p>\n<p>Mam przyjemno\u015b\u0107 zaprezentowa\u0107 Pa\u0144stwu na sprzeda\u017c mieszkanie &#8211; kawalerk\u0119 znajduj\u0105c\u0105 si\u0119 na malowniczym osiedlu Legion\u00f3w Polskich w Bochni. Inwestycja ta sk\u0142ada si\u0119 z przestrzennego pokoju, pi\u0119knej, nowocze\u015bnie zaprojektowanej kuchnia, korytarza z wbudowan\u0105 szaf\u0105 oraz \u0142azienki. Mieszkanie znajduj\u0119 si\u0119 na parterze i posiada dost\u0119p do piwnicy o powierzchni 4m2.<br \/>Jednym z atut\u00f3w nieruchomo\u015bci jest fakt \u017ce znajduj\u0105ce si\u0119 w obszarze teren\u00f3w zielonych, przy jednocze\u015bnie bliskim dost\u0119pnie infastruktury handlowej (liczne sklepy i markety), zajezdni autobusowej, poczty, przedszkola i szk\u00f3\u0142.<\/p>\n<p>Lokalizacja inwestycji pozwala na dogodny dost\u0119p zar\u00f3wno do autostrady A4, jak i wszelkich lokalnych serwis\u00f3w.<\/p>\n<p>Dystans do centrum miasta Bochnia &#8211; 1.5km (15 minut pieszo \/ autem 3 minuty)<\/p>\n<p>Czynsz z tyt. zarz\u0105dzania nieruchomo\u015bci\u0105 &#8211; 450z\u0142 (obejmuje op\u0142aty za ogrzewanie, wod\u0119, \u015bmieci, fundusz remontowy).<\/p>\n<p>Doskonale do\u015bwietlone &#8211; ekspozycja po\u0142udniowo-zachodnia<\/p>\n<p>Oferta dost\u0119pna tylko u nas &#8211; Nie szukaj dalej!<\/p>\n<p>Pomagamy w uzyskaniu finansowania dla Twojego nowego mieszkania<\/p>\n<p>Tre\u015b\u0107 niniejszego og\u0142oszenia nie stanowi oferty handlowej w rozumieniu kodeksu cywilnego.<\/p>\n<p>[\/et_pb_text][et_pb_gallery gallery_ids=&#8221;560,561,562,563&#8243; posts_number=&#8221;8&#8243; show_title_and_caption=&#8221;off&#8221; show_pagination=&#8221;off&#8221; zoom_icon_color=&#8221;#6c744a&#8221; _builder_version=&#8221;4.22.2&#8243; _module_preset=&#8221;default&#8221; custom_margin=&#8221;38px|||||&#8221; hover_enabled=&#8221;0&#8243; global_colors_info=&#8221;{}&#8221; sticky_enabled=&#8221;0&#8243;][\/et_pb_gallery][\/et_pb_column][\/et_pb_row][\/et_pb_section]<\/p>\n","protected":false},"excerpt":{"rendered":"<p>339 000 z\u0142\u00a0 \u00a0|\u00a0 \u00a036 m\u00b212 580 z\u0142\/m\u00b236 m210 \/ 5450 z\u0142taksp\u00f3\u0142dzielcze w\u0142asno\u015bciowedo zamieszkaniabalkongara\u017c \/ miejsce parkingowemiejskieMam przyjemno\u015b\u0107 zaprezentowa\u0107 Pa\u0144stwu na sprzeda\u017c mieszkanie &#8211; kawalerk\u0119 znajduj\u0105c\u0105 si\u0119 na malowniczym osiedlu Legion\u00f3w Polskich w Bochni. Inwestycja ta sk\u0142ada si\u0119 z przestrzennego pokoju, pi\u0119knej, nowocze\u015bnie zaprojektowanej kuchnia, korytarza z wbudowan\u0105 szaf\u0105 oraz \u0142azienki. Mieszkanie znajduj\u0119 si\u0119 na [&hellip;]<\/p>\n","protected":false},"author":1,"featured_media":0,"parent":0,"menu_order":0,"comment_status":"closed","ping_status":"closed","template":"","meta":{"_et_pb_use_builder":"on","_et_pb_old_content":"","_et_gb_content_width":"","footnotes":""},"_links":{"self":[{"href":"https:\/\/emeraldresidence.pl\/index.php\/wp-json\/wp\/v2\/pages\/555"}],"collection":[{"href":"https:\/\/emeraldresidence.pl\/index.php\/wp-json\/wp\/v2\/pages"}],"about":[{"href":"https:\/\/emeraldresidence.pl\/index.php\/wp-json\/wp\/v2\/types\/page"}],"author":[{"embeddable":true,"href":"https:\/\/emeraldresidence.pl\/index.php\/wp-json\/wp\/v2\/users\/1"}],"replies":[{"embeddable":true,"href":"https:\/\/emeraldresidence.pl\/index.php\/wp-json\/wp\/v2\/comments?post=555"}],"version-history":[{"count":5,"href":"https:\/\/emeraldresidence.pl\/index.php\/wp-json\/wp\/v2\/pages\/555\/revisions"}],"predecessor-version":[{"id":565,"href":"https:\/\/emeraldresidence.pl\/index.php\/wp-json\/wp\/v2\/pages\/555\/revisions\/565"}],"wp:attachment":[{"href":"https:\/\/emeraldresidence.pl\/index.php\/wp-json\/wp\/v2\/media?parent=555"}],"curies":[{"name":"wp","href":"https:\/\/api.w.org\/{rel}","templated":true}]}}