{"id":573,"date":"2023-10-11T11:52:56","date_gmt":"2023-10-11T11:52:56","guid":{"rendered":"https:\/\/emeraldresidence.pl\/?page_id=573"},"modified":"2023-11-10T14:56:36","modified_gmt":"2023-11-10T14:56:36","slug":"ustronne-mieszkanie-w-bochni","status":"publish","type":"page","link":"https:\/\/emeraldresidence.pl\/index.php\/ustronne-mieszkanie-w-bochni\/","title":{"rendered":"Ustronne mieszkanie w Bochni"},"content":{"rendered":"<p>[et_pb_section fb_built=&#8221;1&#8243; admin_label=&#8221;Hero section&#8221; _builder_version=&#8221;4.22.2&#8243; background_color=&#8221;rgba(0,0,0,0.36)&#8221; background_image=&#8221;https:\/\/emeraldresidence.pl\/wp-content\/uploads\/2023\/10\/salon-.png&#8221; background_position=&#8221;bottom_center&#8221; background_vertical_offset=&#8221;41%&#8221; background_blend=&#8221;multiply&#8221; custom_margin=&#8221;|||&#8221; custom_padding=&#8221;8.9%||2%|||&#8221; global_colors_info=&#8221;{}&#8221;][et_pb_row _builder_version=&#8221;4.21.0&#8243; width=&#8221;90%&#8221; custom_margin=&#8221;|auto|6px|auto||&#8221; custom_padding=&#8221;0px|||||&#8221; global_colors_info=&#8221;{}&#8221;][et_pb_column type=&#8221;4_4&#8243; _builder_version=&#8221;4.16&#8243; custom_padding=&#8221;1px|||&#8221; global_colors_info=&#8221;{}&#8221; custom_padding__hover=&#8221;|||&#8221;][et_pb_cta title=&#8221;Ustronne mieszkanie w bochni&#8221; button_url=&#8221;#&#8221; _builder_version=&#8221;4.22.2&#8243; header_level=&#8221;h1&#8243; header_font=&#8221;Vidaloka|900||on|||||&#8221; header_text_align=&#8221;center&#8221; header_font_size=&#8221;40px&#8221; header_letter_spacing=&#8221;2px&#8221; header_line_height=&#8221;1.2em&#8221; body_font=&#8221;Montserrat||||||||&#8221; body_font_size=&#8221;15px&#8221; body_line_height=&#8221;1.8em&#8221; use_background_color=&#8221;off&#8221; custom_button=&#8221;on&#8221; button_text_size=&#8221;14px&#8221; button_text_color=&#8221;#ffffff&#8221; button_bg_color=&#8221;#bd9a68&#8243; button_border_width=&#8221;6px&#8221; button_border_color=&#8221;#bd9a68&#8243; button_border_radius=&#8221;5px&#8221; button_letter_spacing=&#8221;2px&#8221; button_font=&#8221;Montserrat|||on|||||&#8221; module_alignment=&#8221;center&#8221; custom_margin=&#8221;||||false|false&#8221; custom_margin_tablet=&#8221;||||false|false&#8221; custom_margin_phone=&#8221;35px||||false|false&#8221; custom_margin_last_edited=&#8221;on|phone&#8221; animation_style=&#8221;fold&#8221; animation_intensity_fold=&#8221;16%&#8221; header_font_size_tablet=&#8221;46px&#8221; header_font_size_phone=&#8221;29px&#8221; header_font_size_last_edited=&#8221;on|phone&#8221; header_text_shadow_style=&#8221;preset1&#8243; header_text_shadow_blur_strength=&#8221;0.6em&#8221; header_text_shadow_color=&#8221;rgba(0,0,0,0.6)&#8221; box_shadow_style_button=&#8221;preset3&#8243; box_shadow_blur_button=&#8221;30px&#8221; box_shadow_spread_button=&#8221;8px&#8221; box_shadow_color_button=&#8221;rgba(250,127,40,0.15)&#8221; button_letter_spacing_hover=&#8221;2px&#8221; global_colors_info=&#8221;{}&#8221; button_text_size__hover_enabled=&#8221;off&#8221; button_one_text_size__hover_enabled=&#8221;off&#8221; button_two_text_size__hover_enabled=&#8221;off&#8221; button_text_color__hover_enabled=&#8221;off&#8221; button_one_text_color__hover_enabled=&#8221;off&#8221; button_two_text_color__hover_enabled=&#8221;off&#8221; button_border_width__hover_enabled=&#8221;off&#8221; button_one_border_width__hover_enabled=&#8221;off&#8221; button_two_border_width__hover_enabled=&#8221;off&#8221; button_border_color__hover_enabled=&#8221;off&#8221; button_one_border_color__hover_enabled=&#8221;off&#8221; button_two_border_color__hover_enabled=&#8221;off&#8221; button_border_radius__hover_enabled=&#8221;off&#8221; button_one_border_radius__hover_enabled=&#8221;off&#8221; button_two_border_radius__hover_enabled=&#8221;off&#8221; button_letter_spacing__hover_enabled=&#8221;on&#8221; button_letter_spacing__hover=&#8221;2px&#8221; button_one_letter_spacing__hover_enabled=&#8221;off&#8221; button_two_letter_spacing__hover_enabled=&#8221;off&#8221; button_bg_color__hover_enabled=&#8221;off&#8221; button_one_bg_color__hover_enabled=&#8221;off&#8221; button_two_bg_color__hover_enabled=&#8221;off&#8221;][\/et_pb_cta][\/et_pb_column][\/et_pb_row][\/et_pb_section][et_pb_section fb_built=&#8221;1&#8243; _builder_version=&#8221;4.21.0&#8243; _module_preset=&#8221;default&#8221; background_color=&#8221;#fcfcfc&#8221; custom_padding=&#8221;37px||25px|||&#8221; global_colors_info=&#8221;{}&#8221;][et_pb_row column_structure=&#8221;1_4,1_4,1_2&#8243; use_custom_gutter=&#8221;on&#8221; gutter_width=&#8221;1&#8243; custom_padding_last_edited=&#8221;on|desktop&#8221; _builder_version=&#8221;4.22.2&#8243; _module_preset=&#8221;default&#8221; custom_padding=&#8221;9px||15px||false|false&#8221; custom_padding_tablet=&#8221;9px||15px||false|false&#8221; custom_padding_phone=&#8221;9px||15px||false|false&#8221; border_width_bottom=&#8221;0px&#8221; global_colors_info=&#8221;{}&#8221;][et_pb_column type=&#8221;1_4&#8243; _builder_version=&#8221;4.21.0&#8243; _module_preset=&#8221;default&#8221; global_colors_info=&#8221;{}&#8221;][et_pb_text _builder_version=&#8221;4.22.2&#8243; _module_preset=&#8221;default&#8221; text_font=&#8221;Montserrat|700|||||||&#8221; text_text_color=&#8221;#6c744a&#8221; text_font_size=&#8221;20px&#8221; global_colors_info=&#8221;{}&#8221;]<\/p>\n<p>379 982 z\u0142\u00a0 \u00a0|\u00a0 \u00a052.8 m\u00b2<\/p>\n<p>[\/et_pb_text][\/et_pb_column][et_pb_column type=&#8221;1_4&#8243; _builder_version=&#8221;4.21.0&#8243; _module_preset=&#8221;default&#8221; global_colors_info=&#8221;{}&#8221;][et_pb_text _builder_version=&#8221;4.22.2&#8243; _module_preset=&#8221;default&#8221; text_font=&#8221;|700|||||||&#8221; text_text_color=&#8221;#606060&#8243; text_font_size=&#8221;15px&#8221; global_colors_info=&#8221;{}&#8221;]<\/p>\n<p>7 197 z\u0142\/m\u00b2<\/p>\n<p>[\/et_pb_text][\/et_pb_column][et_pb_column type=&#8221;1_2&#8243; _builder_version=&#8221;4.21.0&#8243; _module_preset=&#8221;default&#8221; global_colors_info=&#8221;{}&#8221;][et_pb_blurb title=&#8221;Bochnia&#8221; use_icon=&#8221;on&#8221; font_icon=&#8221;&#xe081;||divi||400&#8243; icon_color=&#8221;#6c744a&#8221; icon_placement=&#8221;left&#8221; image_icon_width=&#8221;164%&#8221; _builder_version=&#8221;4.22.2&#8243; _module_preset=&#8221;default&#8221; header_font=&#8221;Playfair Display|700|||||||&#8221; header_text_color=&#8221;#606060&#8243; header_font_size=&#8221;15px&#8221; body_font=&#8221;Montserrat||||||||&#8221; body_text_color=&#8221;#444444&#8243; body_font_size=&#8221;13px&#8221; custom_margin=&#8221;||-10px|||&#8221; custom_margin_tablet=&#8221;||-10px|||&#8221; custom_margin_phone=&#8221;25px||||false|false&#8221; custom_margin_last_edited=&#8221;on|phone&#8221; custom_css_blurb_title=&#8221;margin-left: -15px;||margin-top: 2px;&#8221; global_colors_info=&#8221;{}&#8221;][\/et_pb_blurb][\/et_pb_column][\/et_pb_row][et_pb_row column_structure=&#8221;1_5,1_5,1_5,1_5,1_5&#8243; use_custom_gutter=&#8221;on&#8221; gutter_width=&#8221;2&#8243; _builder_version=&#8221;4.22.2&#8243; _module_preset=&#8221;default&#8221; custom_margin=&#8221;|auto||auto|false|false&#8221; custom_margin_tablet=&#8221;|auto|-32px|auto|false|false&#8221; custom_margin_phone=&#8221;||||false|false&#8221; custom_margin_last_edited=&#8221;on|phone&#8221; custom_padding=&#8221;41px||22px|||&#8221; border_width_top=&#8221;1px&#8221; global_colors_info=&#8221;{}&#8221;][et_pb_column type=&#8221;1_5&#8243; _builder_version=&#8221;4.21.0&#8243; _module_preset=&#8221;default&#8221; global_colors_info=&#8221;{}&#8221;][et_pb_blurb title=&#8221;Powierzchnia&#8221; image=&#8221;https:\/\/emeraldresidence.pl\/wp-content\/uploads\/2023\/10\/measurement.png&#8221; icon_placement=&#8221;left&#8221; image_icon_width=&#8221;90%&#8221; _builder_version=&#8221;4.22.2&#8243; _module_preset=&#8221;default&#8221; header_font=&#8221;Playfair Display|700|||||||&#8221; header_text_color=&#8221;#101929&#8243; header_font_size=&#8221;15px&#8221; body_font=&#8221;Montserrat||||||||&#8221; body_text_color=&#8221;#444444&#8243; body_font_size=&#8221;13px&#8221; custom_css_blurb_image=&#8221;min-width: 40px!Important;&#8221; custom_css_blurb_title=&#8221;margin-bottom: -7px;&#8221; global_colors_info=&#8221;{}&#8221;]<\/p>\n<p>52.8 m2<\/p>\n<p>[\/et_pb_blurb][\/et_pb_column][et_pb_column type=&#8221;1_5&#8243; _builder_version=&#8221;4.21.0&#8243; _module_preset=&#8221;default&#8221; global_colors_info=&#8221;{}&#8221;][et_pb_blurb title=&#8221;Liczba pokoi&#8221; image=&#8221;https:\/\/emeraldresidence.pl\/wp-content\/uploads\/2023\/07\/flat-1.png&#8221; icon_placement=&#8221;left&#8221; image_icon_width=&#8221;90%&#8221; _builder_version=&#8221;4.22.2&#8243; _module_preset=&#8221;default&#8221; header_font=&#8221;Playfair Display|700|||||||&#8221; header_text_color=&#8221;#101929&#8243; header_font_size=&#8221;15px&#8221; body_font=&#8221;Montserrat||||||||&#8221; body_text_color=&#8221;#444444&#8243; body_font_size=&#8221;13px&#8221; custom_css_blurb_image=&#8221;min-width: 40px!Important;&#8221; custom_css_blurb_title=&#8221;margin-bottom: -7px;&#8221; global_colors_info=&#8221;{}&#8221;]<\/p>\n<p>3<\/p>\n<p>[\/et_pb_blurb][\/et_pb_column][et_pb_column type=&#8221;1_5&#8243; _builder_version=&#8221;4.21.0&#8243; _module_preset=&#8221;default&#8221; global_colors_info=&#8221;{}&#8221;][et_pb_blurb title=&#8221;Pi\u0119tro&#8221; image=&#8221;https:\/\/emeraldresidence.pl\/wp-content\/uploads\/2023\/07\/stairs-1.png&#8221; icon_placement=&#8221;left&#8221; image_icon_width=&#8221;90%&#8221; _builder_version=&#8221;4.22.2&#8243; _module_preset=&#8221;default&#8221; header_font=&#8221;Playfair Display|700|||||||&#8221; header_text_color=&#8221;#101929&#8243; header_font_size=&#8221;15px&#8221; body_font=&#8221;Montserrat||||||||&#8221; body_text_color=&#8221;#444444&#8243; body_font_size=&#8221;13px&#8221; custom_css_blurb_image=&#8221;min-width: 40px!Important;&#8221; custom_css_blurb_title=&#8221;margin-bottom: -7px;&#8221; global_colors_info=&#8221;{}&#8221;]<\/p>\n<p>0 \/ 1<\/p>\n<p>[\/et_pb_blurb][\/et_pb_column][et_pb_column type=&#8221;1_5&#8243; _builder_version=&#8221;4.21.0&#8243; _module_preset=&#8221;default&#8221; global_colors_info=&#8221;{}&#8221;][et_pb_blurb title=&#8221;Czynsz&#8221; image=&#8221;https:\/\/emeraldresidence.pl\/wp-content\/uploads\/2023\/10\/money.png&#8221; icon_placement=&#8221;left&#8221; image_icon_width=&#8221;90%&#8221; _builder_version=&#8221;4.22.2&#8243; _module_preset=&#8221;default&#8221; header_font=&#8221;Playfair Display|700|||||||&#8221; header_text_color=&#8221;#101929&#8243; header_font_size=&#8221;15px&#8221; body_font=&#8221;Montserrat||||||||&#8221; body_text_color=&#8221;#444444&#8243; body_font_size=&#8221;13px&#8221; custom_css_blurb_image=&#8221;min-width: 40px!Important;&#8221; custom_css_blurb_title=&#8221;margin-bottom: -7px;&#8221; global_colors_info=&#8221;{}&#8221;]<\/p>\n<p>Zapytaj<\/p>\n<p>[\/et_pb_blurb][\/et_pb_column][et_pb_column type=&#8221;1_5&#8243; _builder_version=&#8221;4.21.0&#8243; _module_preset=&#8221;default&#8221; global_colors_info=&#8221;{}&#8221;][et_pb_blurb title=&#8221;Obs\u0142uga zdalna&#8221; image=&#8221;https:\/\/emeraldresidence.pl\/wp-content\/uploads\/2023\/10\/remote-assistance.png&#8221; icon_placement=&#8221;left&#8221; image_icon_width=&#8221;90%&#8221; _builder_version=&#8221;4.22.2&#8243; _module_preset=&#8221;default&#8221; header_font=&#8221;Playfair Display|700|||||||&#8221; header_text_color=&#8221;#101929&#8243; header_font_size=&#8221;15px&#8221; body_font=&#8221;Montserrat||||||||&#8221; body_text_color=&#8221;#444444&#8243; body_font_size=&#8221;13px&#8221; custom_css_blurb_image=&#8221;min-width: 40px!Important;&#8221; custom_css_blurb_title=&#8221;margin-bottom: -7px;&#8221; global_colors_info=&#8221;{}&#8221;]<\/p>\n<p>Zapytaj<\/p>\n<p>[\/et_pb_blurb][\/et_pb_column][\/et_pb_row][et_pb_row column_structure=&#8221;1_5,1_5,1_5,1_5,1_5&#8243; use_custom_gutter=&#8221;on&#8221; gutter_width=&#8221;2&#8243; _builder_version=&#8221;4.22.2&#8243; _module_preset=&#8221;default&#8221; custom_margin=&#8221;|auto|-32px|auto|false|false&#8221; custom_margin_tablet=&#8221;|auto|-32px|auto|false|false&#8221; custom_margin_phone=&#8221;||||false|false&#8221; custom_margin_last_edited=&#8221;on|phone&#8221; custom_padding=&#8221;41px||22px|||&#8221; border_width_top=&#8221;1px&#8221; border_width_top_tablet=&#8221;1px&#8221; border_width_top_phone=&#8221;0px&#8221; border_width_top_last_edited=&#8221;on|phone&#8221; global_colors_info=&#8221;{}&#8221;][et_pb_column type=&#8221;1_5&#8243; _builder_version=&#8221;4.21.0&#8243; _module_preset=&#8221;default&#8221; global_colors_info=&#8221;{}&#8221;][et_pb_blurb title=&#8221;Forma w\u0142asno\u015bci&#8221; image=&#8221;https:\/\/emeraldresidence.pl\/wp-content\/uploads\/2023\/10\/contact-form.png&#8221; icon_placement=&#8221;left&#8221; image_icon_width=&#8221;90%&#8221; _builder_version=&#8221;4.22.2&#8243; _module_preset=&#8221;default&#8221; header_font=&#8221;Playfair Display|700|||||||&#8221; header_text_color=&#8221;#101929&#8243; header_font_size=&#8221;15px&#8221; body_font=&#8221;Montserrat||||||||&#8221; body_text_color=&#8221;#444444&#8243; body_font_size=&#8221;13px&#8221; custom_css_blurb_image=&#8221;min-width: 40px!Important;&#8221; custom_css_blurb_title=&#8221;margin-bottom: -7px;&#8221; global_colors_info=&#8221;{}&#8221;]<\/p>\n<p>pe\u0142na w\u0142ano\u015b\u0107<\/p>\n<p>[\/et_pb_blurb][\/et_pb_column][et_pb_column type=&#8221;1_5&#8243; _builder_version=&#8221;4.21.0&#8243; _module_preset=&#8221;default&#8221; global_colors_info=&#8221;{}&#8221;][et_pb_blurb title=&#8221;Stan wyko\u0144czenia&#8221; image=&#8221;https:\/\/emeraldresidence.pl\/wp-content\/uploads\/2023\/07\/house-2.png&#8221; icon_placement=&#8221;left&#8221; image_icon_width=&#8221;110%&#8221; _builder_version=&#8221;4.22.2&#8243; _module_preset=&#8221;default&#8221; header_font=&#8221;Playfair Display|700|||||||&#8221; header_text_color=&#8221;#101929&#8243; header_font_size=&#8221;17px&#8221; body_font=&#8221;Montserrat||||||||&#8221; body_text_color=&#8221;#444444&#8243; custom_padding_tablet=&#8221;&#8221; custom_padding_phone=&#8221;||||false|false&#8221; custom_padding_last_edited=&#8221;on|phone&#8221; custom_css_blurb_image=&#8221;min-width: 40px!Important;&#8221; custom_css_blurb_title=&#8221;margin-bottom: -7px;&#8221; global_colors_info=&#8221;{}&#8221;]<\/p>\n<p>do wyko\u0144czenia<\/p>\n<p>[\/et_pb_blurb][\/et_pb_column][et_pb_column type=&#8221;1_5&#8243; _builder_version=&#8221;4.21.0&#8243; _module_preset=&#8221;default&#8221; global_colors_info=&#8221;{}&#8221;][et_pb_blurb title=&#8221;Balkon\/Ogr\u00f3d\/Taras&#8221; image=&#8221;https:\/\/emeraldresidence.pl\/wp-content\/uploads\/2023\/10\/balcony.png&#8221; icon_placement=&#8221;left&#8221; image_icon_width=&#8221;90%&#8221; _builder_version=&#8221;4.22.2&#8243; _module_preset=&#8221;default&#8221; header_font=&#8221;Playfair Display|700|||||||&#8221; header_text_color=&#8221;#101929&#8243; header_font_size=&#8221;15px&#8221; body_font=&#8221;Montserrat||||||||&#8221; body_text_color=&#8221;#444444&#8243; body_font_size=&#8221;13px&#8221; custom_css_blurb_image=&#8221;min-width: 40px!Important;&#8221; custom_css_blurb_title=&#8221;margin-bottom: -7px;&#8221; global_colors_info=&#8221;{}&#8221;]<\/p>\n<p>balkon, ogr\u00f3dek, taras<\/p>\n<p>[\/et_pb_blurb][\/et_pb_column][et_pb_column type=&#8221;1_5&#8243; _builder_version=&#8221;4.21.0&#8243; _module_preset=&#8221;default&#8221; global_colors_info=&#8221;{}&#8221;][et_pb_blurb title=&#8221;Parking&#8221; image=&#8221;https:\/\/emeraldresidence.pl\/wp-content\/uploads\/2023\/07\/parking-1.png&#8221; icon_placement=&#8221;left&#8221; image_icon_width=&#8221;90%&#8221; _builder_version=&#8221;4.22.2&#8243; _module_preset=&#8221;default&#8221; header_font=&#8221;Playfair Display|700|||||||&#8221; header_text_color=&#8221;#101929&#8243; header_font_size=&#8221;15px&#8221; body_font=&#8221;Montserrat||||||||&#8221; body_text_color=&#8221;#444444&#8243; body_font_size=&#8221;13px&#8221; custom_css_blurb_image=&#8221;min-width: 40px!Important;&#8221; custom_css_blurb_title=&#8221;margin-bottom: -7px;&#8221; global_colors_info=&#8221;{}&#8221;]<\/p>\n<p>gara\u017c \/ miejsce parkingowe<\/p>\n<p>[\/et_pb_blurb][\/et_pb_column][et_pb_column type=&#8221;1_5&#8243; _builder_version=&#8221;4.21.0&#8243; _module_preset=&#8221;default&#8221; global_colors_info=&#8221;{}&#8221;][et_pb_blurb title=&#8221;Ogrzewanie&#8221; image=&#8221;https:\/\/emeraldresidence.pl\/wp-content\/uploads\/2023\/10\/heater.png&#8221; icon_placement=&#8221;left&#8221; image_icon_width=&#8221;90%&#8221; _builder_version=&#8221;4.22.2&#8243; _module_preset=&#8221;default&#8221; header_font=&#8221;Playfair Display|700|||||||&#8221; header_text_color=&#8221;#101929&#8243; header_font_size=&#8221;15px&#8221; body_font=&#8221;Montserrat||||||||&#8221; body_text_color=&#8221;#444444&#8243; body_font_size=&#8221;13px&#8221; custom_margin_tablet=&#8221;&#8221; custom_margin_phone=&#8221;||25px||false|false&#8221; custom_margin_last_edited=&#8221;on|phone&#8221; custom_css_blurb_image=&#8221;min-width: 40px!Important;&#8221; custom_css_blurb_title=&#8221;margin-bottom: -7px;&#8221; global_colors_info=&#8221;{}&#8221;]<\/p>\n<p>inne<\/p>\n<p>[\/et_pb_blurb][\/et_pb_column][\/et_pb_row][\/et_pb_section][et_pb_section fb_built=&#8221;1&#8243; admin_label=&#8221;About Section&#8221; _builder_version=&#8221;4.21.0&#8243; background_color=&#8221;#f4f4f4&#8243; custom_padding=&#8221;36px|0px|103px|0px||&#8221; global_colors_info=&#8221;{}&#8221;][et_pb_row use_custom_gutter=&#8221;on&#8221; gutter_width=&#8221;2&#8243; _builder_version=&#8221;4.21.0&#8243; custom_margin=&#8221;|auto|-16px|auto||&#8221; global_colors_info=&#8221;{}&#8221;][et_pb_column type=&#8221;4_4&#8243; _builder_version=&#8221;4.16&#8243; custom_padding=&#8221;|||&#8221; global_colors_info=&#8221;{}&#8221; custom_padding__hover=&#8221;|||&#8221;][et_pb_text module_class=&#8221;tekst&#8221; _builder_version=&#8221;4.22.2&#8243; text_font=&#8221;Montserrat||||||||&#8221; text_text_color=&#8221;#474747&#8243; text_font_size=&#8221;15px&#8221; text_line_height=&#8221;2em&#8221; link_text_color=&#8221;#6c744a&#8221; header_font=&#8221;Playfair Display|700|||||||&#8221; header_text_color=&#8221;#101929&#8243; header_font_size=&#8221;17px&#8221; header_2_font=&#8221;Lato||||||||&#8221; header_3_font=&#8221;Montserrat||||||||&#8221; header_3_text_color=&#8221;#474747&#8243; header_3_font_size=&#8221;15px&#8221; header_3_line_height=&#8221;2em&#8221; global_colors_info=&#8221;{}&#8221;]<\/p>\n<p>*MIESZKANIE BEZ PROWIZJI DLA KUPUJ\u0104CEGO*<\/p>\n<p>Witam,<\/p>\n<p>Mam przyjemno\u015b\u0107 zaprezentowa\u0107 Pa\u0144stwu na sprzeda\u017c kameralne mieszkania po\u0142o\u017cone w ustronnej i zacisznej okolicy miasta. Powierzchnia oferowanych mieszka\u0144 to 52,8 m2 w sk\u0142ad kt\u00f3rego wchodz\u0105:<\/p>\n<p>&#8211; Salon z aneksem kuchennym (19,90)<\/p>\n<p>&#8211; 1-sza sypialnia ( 10,20)<\/p>\n<p>&#8211; 2-ga sypialnia z garderob\u0105 (12,40)<\/p>\n<p>&#8211; \u0141azienka (4,85)<\/p>\n<p>&#8211; Przedpok\u00f3j ( 2,90)<\/p>\n<p>&#8211; Wiatro\u0142ap (2,65)<\/p>\n<p>&nbsp;<\/p>\n<p>Prezentowane mieszkania znajduj\u0105 sie na parterze kt\u00f3re zawieraj\u0105 ogr\u00f3dki o powierzchni 80m2- 150m2.<\/p>\n<p>G\u0142\u00f3wne atuty nieruchomo\u015bci to:<\/p>\n<p>&#8211; Zastosowanie wysokiej jako\u015bci materia\u0142\u00f3w<\/p>\n<p>&#8211; Ogrzewanie- pompa cieplna<\/p>\n<p>&#8211; Podgrzewana pod\u0142oga<\/p>\n<p>&#8211; Blisko\u015b\u0107 otaczaj\u0105cej przyrody<\/p>\n<p>&#8211; Zaciszna okolica<\/p>\n<p>&#8211; Dogodna dost\u0119pno\u015b\u0107 do wszystkich niezb\u0119dnych instytucji, urzed\u00f3w oraz sklep\u00f3w ( szko\u0142a,\u00a0 \u00a0 \u00a0 \u00a0 \u00a0 \u00a0przedszkola, \u017c\u0142obek, sklepy itp.)<\/p>\n<p>&#8211; Centrum miasta- (o.k. 2 km)<\/p>\n<p>&#8211; Blisko\u015b\u0107 do autostrady A4 (o.k. 5km autem)<\/p>\n<p>&#8211; Miejsca postojowe ( z mo\u017cliwo\u015bci\u0105 wykupienia na w\u0142asno\u015b\u0107)<\/p>\n<p>&#8211; Bez PCC<\/p>\n<p>&nbsp;<\/p>\n<p>Oferta zawiera r\u00f3wnie\u017c mieszkania o wi\u0119kszej powierzchni mieszkalnej na pi\u0119trze- 56,15m2 (o identycznym rozk\u0142adzie j.w.) do kt\u00f3rego przynale\u017c\u0105 balkony\u00a0, gdzie istnieje mo\u017cliwo\u015b\u0107 zaaran\u017cowania dodatkowej przestrzeni jak\u0105 mo\u017ce by\u0107 taras na g\u00f3rze dachu.ogr\u00f3dki. Inwestycja sprzedawana jest w stanie deweloperskim.<\/p>\n<p>*Mieszkanie bezczynszowe*<\/p>\n<p>Serdecznie zapraszam do kontaktu i zakupu oferowanej inwestycji.<\/p>\n<p>[\/et_pb_text][et_pb_gallery gallery_ids=&#8221;580,581,582,583&#8243; posts_number=&#8221;8&#8243; show_title_and_caption=&#8221;off&#8221; show_pagination=&#8221;off&#8221; zoom_icon_color=&#8221;#6c744a&#8221; _builder_version=&#8221;4.22.2&#8243; _module_preset=&#8221;default&#8221; custom_margin=&#8221;38px|||||&#8221; global_colors_info=&#8221;{}&#8221;][\/et_pb_gallery][\/et_pb_column][\/et_pb_row][\/et_pb_section]<\/p>\n","protected":false},"excerpt":{"rendered":"<p>379 982 z\u0142\u00a0 \u00a0|\u00a0 \u00a052.8 m\u00b27 197 z\u0142\/m\u00b252.8 m230 \/ 1ZapytajZapytajpe\u0142na w\u0142ano\u015b\u0107do wyko\u0144czeniabalkon, ogr\u00f3dek, tarasgara\u017c \/ miejsce parkingoweinne*MIESZKANIE BEZ PROWIZJI DLA KUPUJ\u0104CEGO* Witam, Mam przyjemno\u015b\u0107 zaprezentowa\u0107 Pa\u0144stwu na sprzeda\u017c kameralne mieszkania po\u0142o\u017cone w ustronnej i zacisznej okolicy miasta. Powierzchnia oferowanych mieszka\u0144 to 52,8 m2 w sk\u0142ad kt\u00f3rego wchodz\u0105: &#8211; Salon z aneksem kuchennym (19,90) &#8211; [&hellip;]<\/p>\n","protected":false},"author":1,"featured_media":0,"parent":0,"menu_order":0,"comment_status":"closed","ping_status":"closed","template":"","meta":{"_et_pb_use_builder":"on","_et_pb_old_content":"","_et_gb_content_width":"","footnotes":""},"_links":{"self":[{"href":"https:\/\/emeraldresidence.pl\/index.php\/wp-json\/wp\/v2\/pages\/573"}],"collection":[{"href":"https:\/\/emeraldresidence.pl\/index.php\/wp-json\/wp\/v2\/pages"}],"about":[{"href":"https:\/\/emeraldresidence.pl\/index.php\/wp-json\/wp\/v2\/types\/page"}],"author":[{"embeddable":true,"href":"https:\/\/emeraldresidence.pl\/index.php\/wp-json\/wp\/v2\/users\/1"}],"replies":[{"embeddable":true,"href":"https:\/\/emeraldresidence.pl\/index.php\/wp-json\/wp\/v2\/comments?post=573"}],"version-history":[{"count":7,"href":"https:\/\/emeraldresidence.pl\/index.php\/wp-json\/wp\/v2\/pages\/573\/revisions"}],"predecessor-version":[{"id":619,"href":"https:\/\/emeraldresidence.pl\/index.php\/wp-json\/wp\/v2\/pages\/573\/revisions\/619"}],"wp:attachment":[{"href":"https:\/\/emeraldresidence.pl\/index.php\/wp-json\/wp\/v2\/media?parent=573"}],"curies":[{"name":"wp","href":"https:\/\/api.w.org\/{rel}","templated":true}]}}