{"id":630,"date":"2024-06-24T12:27:34","date_gmt":"2024-06-24T12:27:34","guid":{"rendered":"https:\/\/emeraldresidence.pl\/?page_id=630"},"modified":"2024-06-24T12:40:04","modified_gmt":"2024-06-24T12:40:04","slug":"mieszkanie-3-pokojowe-fedorowicza-bunscha-park-krakow","status":"publish","type":"page","link":"https:\/\/emeraldresidence.pl\/index.php\/mieszkanie-3-pokojowe-fedorowicza-bunscha-park-krakow\/","title":{"rendered":"Mieszkanie 3- pokojowe, Fedorowicza, Bunscha Park Krak\u00f3w"},"content":{"rendered":"<p>[et_pb_section fb_built=&#8221;1&#8243; admin_label=&#8221;Hero section&#8221; _builder_version=&#8221;4.22.2&#8243; background_color=&#8221;rgba(0,0,0,0.36)&#8221; background_image=&#8221;https:\/\/emeraldresidence.pl\/wp-content\/uploads\/2024\/06\/IMG_0717.jpeg&#8221; background_position=&#8221;bottom_center&#8221; background_vertical_offset=&#8221;48%&#8221; background_blend=&#8221;multiply&#8221; custom_margin=&#8221;|||&#8221; custom_padding=&#8221;8.9%||2%|||&#8221; hover_enabled=&#8221;0&#8243; global_colors_info=&#8221;{}&#8221; title_text=&#8221;IMG_0717&#8243; sticky_enabled=&#8221;0&#8243;][et_pb_row _builder_version=&#8221;4.21.0&#8243; width=&#8221;90%&#8221; custom_margin=&#8221;|auto|6px|auto||&#8221; custom_padding=&#8221;0px|||||&#8221; global_colors_info=&#8221;{}&#8221;][et_pb_column type=&#8221;4_4&#8243; _builder_version=&#8221;4.16&#8243; custom_padding=&#8221;1px|||&#8221; global_colors_info=&#8221;{}&#8221; custom_padding__hover=&#8221;|||&#8221;][et_pb_cta title=&#8221;Mieszkanie 3- pokojowe, Fedorowicza, Bunscha Park Krak\u00f3w&#8221; button_url=&#8221;#&#8221; _builder_version=&#8221;4.22.2&#8243; header_level=&#8221;h1&#8243; header_font=&#8221;Vidaloka|900||on|||||&#8221; header_text_align=&#8221;center&#8221; header_font_size=&#8221;40px&#8221; header_letter_spacing=&#8221;2px&#8221; header_line_height=&#8221;1.2em&#8221; body_font=&#8221;Montserrat||||||||&#8221; body_font_size=&#8221;15px&#8221; body_line_height=&#8221;1.8em&#8221; use_background_color=&#8221;off&#8221; custom_button=&#8221;on&#8221; button_text_size=&#8221;14px&#8221; button_text_color=&#8221;#ffffff&#8221; button_bg_color=&#8221;#bd9a68&#8243; button_border_width=&#8221;6px&#8221; button_border_color=&#8221;#bd9a68&#8243; button_border_radius=&#8221;5px&#8221; button_letter_spacing=&#8221;2px&#8221; button_font=&#8221;Montserrat|||on|||||&#8221; module_alignment=&#8221;center&#8221; custom_margin=&#8221;||||false|false&#8221; custom_margin_tablet=&#8221;||||false|false&#8221; custom_margin_phone=&#8221;35px||||false|false&#8221; custom_margin_last_edited=&#8221;on|phone&#8221; animation_style=&#8221;fold&#8221; animation_intensity_fold=&#8221;16%&#8221; hover_enabled=&#8221;0&#8243; header_font_size_tablet=&#8221;46px&#8221; header_font_size_phone=&#8221;29px&#8221; header_font_size_last_edited=&#8221;on|phone&#8221; header_text_shadow_style=&#8221;preset1&#8243; header_text_shadow_blur_strength=&#8221;0.6em&#8221; header_text_shadow_color=&#8221;rgba(0,0,0,0.6)&#8221; box_shadow_style_button=&#8221;preset3&#8243; box_shadow_blur_button=&#8221;30px&#8221; box_shadow_spread_button=&#8221;8px&#8221; box_shadow_color_button=&#8221;rgba(250,127,40,0.15)&#8221; button_letter_spacing_hover=&#8221;2px&#8221; global_colors_info=&#8221;{}&#8221; button_text_size__hover_enabled=&#8221;off&#8221; button_one_text_size__hover_enabled=&#8221;off&#8221; button_two_text_size__hover_enabled=&#8221;off&#8221; button_text_color__hover_enabled=&#8221;off&#8221; button_one_text_color__hover_enabled=&#8221;off&#8221; button_two_text_color__hover_enabled=&#8221;off&#8221; button_border_width__hover_enabled=&#8221;off&#8221; button_one_border_width__hover_enabled=&#8221;off&#8221; button_two_border_width__hover_enabled=&#8221;off&#8221; button_border_color__hover_enabled=&#8221;off&#8221; button_one_border_color__hover_enabled=&#8221;off&#8221; button_two_border_color__hover_enabled=&#8221;off&#8221; button_border_radius__hover_enabled=&#8221;off&#8221; button_one_border_radius__hover_enabled=&#8221;off&#8221; button_two_border_radius__hover_enabled=&#8221;off&#8221; button_letter_spacing__hover_enabled=&#8221;on&#8221; button_letter_spacing__hover=&#8221;2px&#8221; button_one_letter_spacing__hover_enabled=&#8221;off&#8221; button_two_letter_spacing__hover_enabled=&#8221;off&#8221; button_bg_color__hover_enabled=&#8221;off&#8221; button_one_bg_color__hover_enabled=&#8221;off&#8221; button_two_bg_color__hover_enabled=&#8221;off&#8221; sticky_enabled=&#8221;0&#8243;][\/et_pb_cta][\/et_pb_column][\/et_pb_row][\/et_pb_section][et_pb_section fb_built=&#8221;1&#8243; _builder_version=&#8221;4.21.0&#8243; _module_preset=&#8221;default&#8221; background_color=&#8221;#fcfcfc&#8221; custom_padding=&#8221;37px||25px|||&#8221; global_colors_info=&#8221;{}&#8221;][et_pb_row column_structure=&#8221;1_4,1_4,1_4,1_4&#8243; use_custom_gutter=&#8221;on&#8221; gutter_width=&#8221;1&#8243; custom_padding_last_edited=&#8221;on|desktop&#8221; _builder_version=&#8221;4.21.0&#8243; _module_preset=&#8221;default&#8221; custom_padding=&#8221;9px||15px||false|false&#8221; custom_padding_tablet=&#8221;9px||15px||false|false&#8221; custom_padding_phone=&#8221;9px||15px||false|false&#8221; border_width_bottom=&#8221;0px&#8221; global_colors_info=&#8221;{}&#8221;][et_pb_column type=&#8221;1_4&#8243; _builder_version=&#8221;4.21.0&#8243; _module_preset=&#8221;default&#8221; global_colors_info=&#8221;{}&#8221;][et_pb_text _builder_version=&#8221;4.22.2&#8243; _module_preset=&#8221;default&#8221; text_font=&#8221;Montserrat|700|||||||&#8221; text_text_color=&#8221;#6c744a&#8221; text_font_size=&#8221;20px&#8221; hover_enabled=&#8221;0&#8243; global_colors_info=&#8221;{}&#8221; sticky_enabled=&#8221;0&#8243;]<\/p>\n<p>915 000 z\u0142\u00a0 \u00a0|\u00a0 \u00a062 m\u00b2<\/p>\n<p>[\/et_pb_text][\/et_pb_column][et_pb_column type=&#8221;1_4&#8243; _builder_version=&#8221;4.21.0&#8243; _module_preset=&#8221;default&#8221; global_colors_info=&#8221;{}&#8221;][et_pb_text _builder_version=&#8221;4.21.0&#8243; _module_preset=&#8221;default&#8221; text_font=&#8221;|700|||||||&#8221; text_text_color=&#8221;#606060&#8243; text_font_size=&#8221;15px&#8221; global_colors_info=&#8221;{}&#8221;]<\/p>\n<p>14 758 z\u0142\/m\u00b2<\/p>\n<p>[\/et_pb_text][\/et_pb_column][et_pb_column type=&#8221;1_4&#8243; _builder_version=&#8221;4.21.0&#8243; _module_preset=&#8221;default&#8221; global_colors_info=&#8221;{}&#8221;][\/et_pb_column][et_pb_column type=&#8221;1_4&#8243; _builder_version=&#8221;4.21.0&#8243; _module_preset=&#8221;default&#8221; global_colors_info=&#8221;{}&#8221;][\/et_pb_column][\/et_pb_row][et_pb_row column_structure=&#8221;1_5,1_5,1_5,1_5,1_5&#8243; use_custom_gutter=&#8221;on&#8221; gutter_width=&#8221;2&#8243; _builder_version=&#8221;4.21.0&#8243; _module_preset=&#8221;default&#8221; custom_margin=&#8221;|auto|-32px|auto|false|false&#8221; custom_margin_tablet=&#8221;|auto|-32px|auto|false|false&#8221; custom_margin_phone=&#8221;||||false|false&#8221; custom_margin_last_edited=&#8221;on|phone&#8221; custom_padding=&#8221;41px||22px|||&#8221; border_width_top=&#8221;1px&#8221; global_colors_info=&#8221;{}&#8221;][et_pb_column type=&#8221;1_5&#8243; _builder_version=&#8221;4.21.0&#8243; _module_preset=&#8221;default&#8221; global_colors_info=&#8221;{}&#8221;][et_pb_blurb title=&#8221;Pi\u0119tro&#8221; image=&#8221;https:\/\/emeraldresidence.pl\/wp-content\/uploads\/2023\/07\/stairs-1.png&#8221; icon_placement=&#8221;left&#8221; image_icon_width=&#8221;110%&#8221; _builder_version=&#8221;4.22.2&#8243; _module_preset=&#8221;default&#8221; header_font=&#8221;Playfair Display|700|||||||&#8221; header_text_color=&#8221;#101929&#8243; header_font_size=&#8221;17px&#8221; body_font=&#8221;Montserrat||||||||&#8221; body_text_color=&#8221;#444444&#8243; hover_enabled=&#8221;0&#8243; custom_css_blurb_image=&#8221;min-width: 40px!Important;&#8221; custom_css_blurb_title=&#8221;margin-bottom: -7px;&#8221; global_colors_info=&#8221;{}&#8221; sticky_enabled=&#8221;0&#8243;]<\/p>\n<p>3 \/ 5<\/p>\n<p>[\/et_pb_blurb][\/et_pb_column][et_pb_column type=&#8221;1_5&#8243; _builder_version=&#8221;4.21.0&#8243; _module_preset=&#8221;default&#8221; global_colors_info=&#8221;{}&#8221;][et_pb_blurb title=&#8221;Liczba pokoi&#8221; image=&#8221;https:\/\/emeraldresidence.pl\/wp-content\/uploads\/2023\/07\/flat-1.png&#8221; icon_placement=&#8221;left&#8221; image_icon_width=&#8221;110%&#8221; _builder_version=&#8221;4.22.2&#8243; _module_preset=&#8221;default&#8221; header_font=&#8221;Playfair Display|700|||||||&#8221; header_text_color=&#8221;#101929&#8243; header_font_size=&#8221;17px&#8221; body_font=&#8221;Montserrat||||||||&#8221; body_text_color=&#8221;#444444&#8243; hover_enabled=&#8221;0&#8243; custom_css_blurb_image=&#8221;min-width: 40px!Important;&#8221; custom_css_blurb_title=&#8221;margin-bottom: -7px;&#8221; global_colors_info=&#8221;{}&#8221; sticky_enabled=&#8221;0&#8243;]<\/p>\n<p>3<\/p>\n<p>[\/et_pb_blurb][\/et_pb_column][et_pb_column type=&#8221;1_5&#8243; _builder_version=&#8221;4.21.0&#8243; _module_preset=&#8221;default&#8221; global_colors_info=&#8221;{}&#8221;][et_pb_blurb title=&#8221;Balkon\/Ogr\u00f3d\/Taras&#8221; image=&#8221;https:\/\/emeraldresidence.pl\/wp-content\/uploads\/2023\/10\/balcony.png&#8221; icon_placement=&#8221;left&#8221; image_icon_width=&#8221;90%&#8221; _builder_version=&#8221;4.22.2&#8243; _module_preset=&#8221;default&#8221; header_font=&#8221;Playfair Display|700|||||||&#8221; header_text_color=&#8221;#101929&#8243; header_font_size=&#8221;15px&#8221; body_font=&#8221;Montserrat||||||||&#8221; body_text_color=&#8221;#444444&#8243; body_font_size=&#8221;13px&#8221; hover_enabled=&#8221;0&#8243; custom_css_blurb_image=&#8221;min-width: 40px!Important;&#8221; custom_css_blurb_title=&#8221;margin-bottom: -7px;&#8221; global_colors_info=&#8221;{}&#8221; sticky_enabled=&#8221;0&#8243;]<\/p>\n<p>2 balkony<\/p>\n<p>[\/et_pb_blurb][\/et_pb_column][et_pb_column type=&#8221;1_5&#8243; _builder_version=&#8221;4.21.0&#8243; _module_preset=&#8221;default&#8221; global_colors_info=&#8221;{}&#8221;][et_pb_blurb title=&#8221;Parking&#8221; image=&#8221;https:\/\/emeraldresidence.pl\/wp-content\/uploads\/2023\/07\/parking-1.png&#8221; icon_placement=&#8221;left&#8221; image_icon_width=&#8221;110%&#8221; _builder_version=&#8221;4.22.2&#8243; _module_preset=&#8221;default&#8221; header_font=&#8221;Playfair Display|700|||||||&#8221; header_text_color=&#8221;#101929&#8243; header_font_size=&#8221;17px&#8221; body_font=&#8221;Montserrat||||||||&#8221; body_text_color=&#8221;#444444&#8243; body_letter_spacing=&#8221;-1px&#8221; hover_enabled=&#8221;0&#8243; custom_css_blurb_image=&#8221;min-width: 40px!Important;&#8221; custom_css_blurb_title=&#8221;margin-bottom: -7px;&#8221; global_colors_info=&#8221;{}&#8221; sticky_enabled=&#8221;0&#8243;]<\/p>\n<p>Miejsce parkingowe<\/p>\n<p>[\/et_pb_blurb][\/et_pb_column][et_pb_column type=&#8221;1_5&#8243; _builder_version=&#8221;4.21.0&#8243; _module_preset=&#8221;default&#8221; global_colors_info=&#8221;{}&#8221;][\/et_pb_column][\/et_pb_row][\/et_pb_section][et_pb_section fb_built=&#8221;1&#8243; admin_label=&#8221;About Section&#8221; _builder_version=&#8221;4.21.0&#8243; background_color=&#8221;#f4f4f4&#8243; custom_padding=&#8221;36px|0px|103px|0px||&#8221; global_colors_info=&#8221;{}&#8221;][et_pb_row use_custom_gutter=&#8221;on&#8221; gutter_width=&#8221;2&#8243; _builder_version=&#8221;4.21.0&#8243; custom_margin=&#8221;|auto|-16px|auto||&#8221; global_colors_info=&#8221;{}&#8221;][et_pb_column type=&#8221;4_4&#8243; _builder_version=&#8221;4.16&#8243; custom_padding=&#8221;|||&#8221; global_colors_info=&#8221;{}&#8221; custom_padding__hover=&#8221;|||&#8221;][et_pb_text module_class=&#8221;tekst&#8221; _builder_version=&#8221;4.22.2&#8243; text_font=&#8221;Montserrat||||||||&#8221; text_text_color=&#8221;#474747&#8243; text_font_size=&#8221;15px&#8221; text_line_height=&#8221;2em&#8221; link_text_color=&#8221;#6c744a&#8221; header_font=&#8221;Playfair Display|700|||||||&#8221; header_text_color=&#8221;#101929&#8243; header_font_size=&#8221;17px&#8221; header_2_font=&#8221;Lato||||||||&#8221; header_3_font=&#8221;Montserrat||||||||&#8221; header_3_text_color=&#8221;#474747&#8243; header_3_font_size=&#8221;15px&#8221; header_3_line_height=&#8221;2em&#8221; global_colors_info=&#8221;{}&#8221; sticky_enabled=&#8221;0&#8243; hover_enabled=&#8221;0&#8243;]<\/p>\n<p>Na Sprzeda\u017c umeblowane mieszkanie w nowym budownictwie o powierzchni 61,94m2 znajduj\u0105ce sie w Parku Bunscha, dzielnica Krak\u00f3w D\u0119bniki.<\/p>\n<p><strong>W sk\u0142ad mieszkania wchodz\u0105:<\/strong><br \/>* Przedpok\u00f3j<br \/>* Kuchnia z jadalni\u0105<br \/>* 3 sypialnie ( 2 sypialnie z balkonem)<br \/>* \u0141azienka z prysznicem<br \/>* Miejsce postojowe w parkingu podziemnym<\/p>\n<p>Mieszkanie wyposa\u017cone jest we wszystkie niezb\u0119dne sprz\u0119ty AGD ( lod\u00f3wka, zmywarka, piekarnik, p\u0142yta indukcyjna, pralka) oraz meble.Nieruchomo\u015b\u0107 jest idealn\u0105 inwestycj\u0105 dla klient\u00f3w kt\u00f3rzy potrzebuj\u0105 mieszkania dla siebie lub planuj\u0105 przeznaczy\u0107 je na inwestycje ( najem). Osiedle znajduje sie w bliskiej odleg\u0142o\u015bci do galerii handlowej Atut w sk\u0142ad kt\u00f3rej wchodzi 13 lokali us\u0142ugowo- handlowych (Action, Biedronka, Empik, Leroy Merlin, RTV Euro AGD, Sinsay, Maxi Zoo, DM Deichmann) oraz mn\u00f3stwo innych punkt\u00f3w us\u0142ugowych ( restauracje, si\u0142ownia, \u017c\u0142obek, piekarnia, apteki, przychodnie Luxmed\/ Medicover itp).<\/p>\n<p><strong>G\u0142\u00f3wne atuty i informacje dot. mieszkania:<\/strong><\/p>\n<p>&#8211; Mo\u017cliwo\u015b\u0107 przebudowania jednego z pokoi w salon<\/p>\n<p>&#8211; 3 sypialnie; 2 sypialnie z balkonami<\/p>\n<p>&#8211; Parking podziemny<\/p>\n<p>&#8211; Doskona\u0142y dojazd do centrum Krakowa<\/p>\n<p>&#8211; Dojazd do autostrady A4 &#8211; 5 min. autem<\/p>\n<p>&#8211; Bliski dost\u0119p do przychodni, market\u00f3w, lokali wielobran\u017cowych, salon\u00f3w kosmetycznych i fryzjerskich itp.<\/p>\n<p>&#8211; \u015awietnie skomunikowane; Przystanek autobusowy o.k. 2 min. pieszo (linie autobusowe: 204,253,283,213,263,223,156,233,903); nieopodal zajezdnia tramwajowa i autobusowa<\/p>\n<p>[\/et_pb_text][et_pb_gallery gallery_ids=&#8221;635,636,637,638,639,640,641,642,643,644,645,646,647,648,649&#8243; posts_number=&#8221;15&#8243; show_title_and_caption=&#8221;off&#8221; show_pagination=&#8221;off&#8221; zoom_icon_color=&#8221;#6c744a&#8221; _builder_version=&#8221;4.22.2&#8243; _module_preset=&#8221;default&#8221; custom_margin=&#8221;38px|||||&#8221; hover_enabled=&#8221;0&#8243; global_colors_info=&#8221;{}&#8221; sticky_enabled=&#8221;0&#8243;][\/et_pb_gallery][\/et_pb_column][\/et_pb_row][\/et_pb_section]<\/p>\n","protected":false},"excerpt":{"rendered":"<p>915 000 z\u0142\u00a0 \u00a0|\u00a0 \u00a062 m\u00b214 758 z\u0142\/m\u00b23 \/ 532 balkonyMiejsce parkingoweNa Sprzeda\u017c umeblowane mieszkanie w nowym budownictwie o powierzchni 61,94m2 znajduj\u0105ce sie w Parku Bunscha, dzielnica Krak\u00f3w D\u0119bniki. W sk\u0142ad mieszkania wchodz\u0105:* Przedpok\u00f3j* Kuchnia z jadalni\u0105* 3 sypialnie ( 2 sypialnie z balkonem)* \u0141azienka z prysznicem* Miejsce postojowe w parkingu podziemnym Mieszkanie wyposa\u017cone jest [&hellip;]<\/p>\n","protected":false},"author":1,"featured_media":0,"parent":0,"menu_order":0,"comment_status":"closed","ping_status":"closed","template":"","meta":{"_et_pb_use_builder":"on","_et_pb_old_content":"","_et_gb_content_width":"","footnotes":""},"_links":{"self":[{"href":"https:\/\/emeraldresidence.pl\/index.php\/wp-json\/wp\/v2\/pages\/630"}],"collection":[{"href":"https:\/\/emeraldresidence.pl\/index.php\/wp-json\/wp\/v2\/pages"}],"about":[{"href":"https:\/\/emeraldresidence.pl\/index.php\/wp-json\/wp\/v2\/types\/page"}],"author":[{"embeddable":true,"href":"https:\/\/emeraldresidence.pl\/index.php\/wp-json\/wp\/v2\/users\/1"}],"replies":[{"embeddable":true,"href":"https:\/\/emeraldresidence.pl\/index.php\/wp-json\/wp\/v2\/comments?post=630"}],"version-history":[{"count":6,"href":"https:\/\/emeraldresidence.pl\/index.php\/wp-json\/wp\/v2\/pages\/630\/revisions"}],"predecessor-version":[{"id":653,"href":"https:\/\/emeraldresidence.pl\/index.php\/wp-json\/wp\/v2\/pages\/630\/revisions\/653"}],"wp:attachment":[{"href":"https:\/\/emeraldresidence.pl\/index.php\/wp-json\/wp\/v2\/media?parent=630"}],"curies":[{"name":"wp","href":"https:\/\/api.w.org\/{rel}","templated":true}]}}